{"id":8580,"date":"2023-11-10T14:50:31","date_gmt":"2023-11-10T12:50:31","guid":{"rendered":"https:\/\/ledfertyl.eu\/support-centers\/"},"modified":"2024-01-15T12:09:03","modified_gmt":"2024-01-15T10:09:03","slug":"support-centers","status":"publish","type":"page","link":"https:\/\/ledfertyl.eu\/en\/support-centers\/","title":{"rendered":"Support centers"},"content":{"rendered":"\n<style type=\"text\/css\" data-created_by=\"avia_inline_auto\" id=\"style-css-av-5jlbnq-8e69cf67d67555e3e500647adc20f371\">\n#top .av-special-heading.av-5jlbnq-8e69cf67d67555e3e500647adc20f371{\npadding-bottom:0;\n}\nbody .av-special-heading.av-5jlbnq-8e69cf67d67555e3e500647adc20f371 .av-special-heading-tag .heading-char{\nfont-size:25px;\n}\n.av-special-heading.av-5jlbnq-8e69cf67d67555e3e500647adc20f371 .av-subheading{\nfont-size:15px;\n}\n<\/style>\n<div  class='av-special-heading av-5jlbnq-8e69cf67d67555e3e500647adc20f371 av-special-heading-h1 blockquote modern-quote  avia-builder-el-0  el_before_av_heading  avia-builder-el-first '><h1 class='av-special-heading-tag'  itemprop=\"headline\"  >LED-FERTYL PROJECT SUPPORT GROUPS<\/h1><div class=\"special-heading-border\"><div class=\"special-heading-inner-border\"><\/div><\/div><\/div>\n\n<style type=\"text\/css\" data-created_by=\"avia_inline_auto\" id=\"style-css-av-lm6898mb-be607da6ab679c005b0d79350819ce7a\">\n#top .av-special-heading.av-lm6898mb-be607da6ab679c005b0d79350819ce7a{\npadding-bottom:0;\n}\nbody .av-special-heading.av-lm6898mb-be607da6ab679c005b0d79350819ce7a .av-special-heading-tag .heading-char{\nfont-size:25px;\n}\n.av-special-heading.av-lm6898mb-be607da6ab679c005b0d79350819ce7a .av-subheading{\nfont-size:15px;\n}\n<\/style>\n<div  class='av-special-heading av-lm6898mb-be607da6ab679c005b0d79350819ce7a av-special-heading-h2 blockquote modern-quote  avia-builder-el-1  el_after_av_heading  el_before_av_hr '><h2 class='av-special-heading-tag'  itemprop=\"headline\"  >Support Group 1<\/h2><div class=\"special-heading-border\"><div class=\"special-heading-inner-border\"><\/div><\/div><\/div>\n<div  class='hr av-fm9vi-3c88eb64d7456db938dbc739b0e89b03 hr-default  avia-builder-el-2  el_after_av_heading  el_before_av_textblock '><span class='hr-inner '><span class=\"hr-inner-style\"><\/span><\/span><\/div>\n<section  class='av_textblock_section av-lm8w0vyb-195b550e1553cfe172f10a6834744261 '   itemscope=\"itemscope\" itemtype=\"https:\/\/schema.org\/CreativeWork\" ><div class='avia_textblock'  itemprop=\"text\" ><p style=\"text-align: left;\"><strong><img loading=\"lazy\" decoding=\"async\" class=\"alignnone size-medium wp-image-7923\" src=\"https:\/\/ledfertyl.eu\/wp-content\/uploads\/2023\/09\/urv-300x90.jpg\" alt=\"\" width=\"300\" height=\"90\" srcset=\"https:\/\/ledfertyl.eu\/wp-content\/uploads\/2023\/09\/urv-300x90.jpg 300w, https:\/\/ledfertyl.eu\/wp-content\/uploads\/2023\/09\/urv-768x230.jpg 768w, https:\/\/ledfertyl.eu\/wp-content\/uploads\/2023\/09\/urv-705x211.jpg 705w, https:\/\/ledfertyl.eu\/wp-content\/uploads\/2023\/09\/urv.jpg 813w\" sizes=\"auto, (max-width: 300px) 100vw, 300px\" \/><\/strong><\/p>\n<p><strong>Preventive Medicine and Public Health Unit<\/strong><br \/>\nDepartment of Basic Medical Science<strong><br \/>\n<\/strong>Faculty of Medicine and Health Sciences of Reus<br \/>\nRovira i Virgili University<br \/>\n<a href=\"https:\/\/www.cienciesmediques.urv.cat\/ca\/recerca\/unitats\/medicina-preventiva-1\/\">https:\/\/www.cienciesmediques.urv.cat\/ca\/recerca\/unitats\/medicina-preventiva-1\/<\/a><\/p>\n<\/div><\/section>\n<div  class='hr av-7t5i6-a75dcf39191dda5592f1e847d12fa50c hr-default  avia-builder-el-4  el_after_av_textblock  el_before_av_heading '><span class='hr-inner '><span class=\"hr-inner-style\"><\/span><\/span><\/div>\n\n<style type=\"text\/css\" data-created_by=\"avia_inline_auto\" id=\"style-css-av-7jwxy-1145a0ebb56b2de8b840896a8dfda63b\">\n#top .av-special-heading.av-7jwxy-1145a0ebb56b2de8b840896a8dfda63b{\npadding-bottom:0;\n}\nbody .av-special-heading.av-7jwxy-1145a0ebb56b2de8b840896a8dfda63b .av-special-heading-tag .heading-char{\nfont-size:25px;\n}\n.av-special-heading.av-7jwxy-1145a0ebb56b2de8b840896a8dfda63b .av-subheading{\nfont-size:15px;\n}\n<\/style>\n<div  class='av-special-heading av-7jwxy-1145a0ebb56b2de8b840896a8dfda63b av-special-heading-h2 blockquote modern-quote  avia-builder-el-5  el_after_av_hr  el_before_av_one_full '><h2 class='av-special-heading-tag'  itemprop=\"headline\"  >Principal Investigators<\/h2><div class=\"special-heading-border\"><div class=\"special-heading-inner-border\"><\/div><\/div><\/div>\n\n<style type=\"text\/css\" data-created_by=\"avia_inline_auto\" id=\"style-css-av-t146-0f0025edb0ba60a243883ecc0ed501fd\">\n.flex_column.av-t146-0f0025edb0ba60a243883ecc0ed501fd{\nborder-radius:0px 0px 0px 0px;\npadding:0px 0px 0px 0px;\n}\n<\/style>\n<div  class='flex_column av-t146-0f0025edb0ba60a243883ecc0ed501fd av_one_full  avia-builder-el-6  el_after_av_heading  el_before_av_heading  first flex_column_div av-zero-column-padding  '     ><div  class='avia-testimonial-wrapper av-lm68c98l-3b8ba481b9d1ba76b8d0dd60533d738a avia-grid-testimonials avia-grid-2-testimonials avia_animate_when_almost_visible' >\n<section class=\"avia-testimonial-row\"><div class='avia-testimonial av-lm68avob-b9f0bc411c0e121cd1325696f000a630 avia-testimonial-row-1 avia-first-testimonial flex_column no_margin av_one_half'><div class='avia-testimonial_inner'  itemscope=\"itemscope\" itemtype=\"https:\/\/schema.org\/CreativeWork\" ><div class='avia-testimonial-image'  itemprop=\"image\" ><img loading=\"lazy\" decoding=\"async\" width=\"180\" height=\"180\" src=\"https:\/\/ledfertyl.eu\/wp-content\/uploads\/2023\/09\/mmurphy-180x180.jpg\" class=\"attachment-square size-square\" alt=\"\" srcset=\"https:\/\/ledfertyl.eu\/wp-content\/uploads\/2023\/09\/mmurphy-180x180.jpg 180w, https:\/\/ledfertyl.eu\/wp-content\/uploads\/2023\/09\/mmurphy-80x80.jpg 80w, https:\/\/ledfertyl.eu\/wp-content\/uploads\/2023\/09\/mmurphy-36x36.jpg 36w\" sizes=\"auto, (max-width: 180px) 100vw, 180px\" \/><\/div><div class='avia-testimonial-content '><div class='avia-testimonial-markup-entry-content'  itemprop=\"text\" ><p><strong>Dra. Michelle Murphy<br \/>\n<\/strong>Universitat Rovira i Virgili (URV), IISPV, CIBERobn<br \/>\ne-mail: <a href=\"mailto:michelle.murphy@urv.cat\">michelle.murphy@urv.cat<\/a><\/p>\n<\/div><\/div><div class=\"avia-testimonial-meta\"><div class=\"avia-testimonial-arrow-wrap\"><div class=\"avia-arrow\"><\/div><\/div><div class='avia-testimonial-meta-mini'  itemprop=\"author\" itemscope=\"itemscope\" itemtype=\"https:\/\/schema.org\/Person\" ><\/div><\/div><\/div><\/div>\n<\/section><\/div><\/div>\n\n<style type=\"text\/css\" data-created_by=\"avia_inline_auto\" id=\"style-css-av-lm68j534-69e802d5d766a9416570963c1163b910\">\n#top .av-special-heading.av-lm68j534-69e802d5d766a9416570963c1163b910{\npadding-bottom:0;\n}\nbody .av-special-heading.av-lm68j534-69e802d5d766a9416570963c1163b910 .av-special-heading-tag .heading-char{\nfont-size:25px;\n}\n.av-special-heading.av-lm68j534-69e802d5d766a9416570963c1163b910 .av-subheading{\nfont-size:15px;\n}\n<\/style>\n<div  class='av-special-heading av-lm68j534-69e802d5d766a9416570963c1163b910 av-special-heading-h2 blockquote modern-quote  avia-builder-el-8  el_after_av_one_full  el_before_av_one_full '><h2 class='av-special-heading-tag'  itemprop=\"headline\"  >Collaborating researchers<\/h2><div class=\"special-heading-border\"><div class=\"special-heading-inner-border\"><\/div><\/div><\/div>\n\n<style type=\"text\/css\" data-created_by=\"avia_inline_auto\" id=\"style-css-av-6liim-d0c16fec1f6c8a39b80da893ac399732\">\n.flex_column.av-6liim-d0c16fec1f6c8a39b80da893ac399732{\nborder-radius:0px 0px 0px 0px;\npadding:0px 0px 0px 0px;\n}\n<\/style>\n<div  class='flex_column av-6liim-d0c16fec1f6c8a39b80da893ac399732 av_one_full  avia-builder-el-9  el_after_av_heading  el_before_av_hr  first flex_column_div av-zero-column-padding  '     ><div  class='avia-testimonial-wrapper av-lm68vpnk-20cfba3c4d74ad1dbb8435daabb04607 avia-grid-testimonials avia-grid-2-testimonials avia_animate_when_almost_visible' >\n<section class=\"avia-testimonial-row\"><div class='avia-testimonial av-lm68mggm-5-ee38391f415fde38f5fb4ad0fd3d4969 avia-testimonial-row-1 avia-first-testimonial flex_column no_margin av_one_half'><div class='avia-testimonial_inner'  itemscope=\"itemscope\" itemtype=\"https:\/\/schema.org\/CreativeWork\" ><div class='avia-testimonial-image'  itemprop=\"image\" ><img loading=\"lazy\" decoding=\"async\" width=\"180\" height=\"180\" src=\"https:\/\/ledfertyl.eu\/wp-content\/uploads\/2023\/09\/dona-180x180.jpg\" class=\"attachment-square size-square\" alt=\"\" srcset=\"https:\/\/ledfertyl.eu\/wp-content\/uploads\/2023\/09\/dona-180x180.jpg 180w, https:\/\/ledfertyl.eu\/wp-content\/uploads\/2023\/09\/dona-80x80.jpg 80w, https:\/\/ledfertyl.eu\/wp-content\/uploads\/2023\/09\/dona-36x36.jpg 36w\" sizes=\"auto, (max-width: 180px) 100vw, 180px\" \/><\/div><div class='avia-testimonial-content '><div class='avia-testimonial-markup-entry-content'  itemprop=\"text\" ><p><strong>Carla Ramos Rodr\u00edguez<br \/>\n<\/strong>Universitat Rovira i Virgili (URV)<br \/>\n<a href=\"mailto:carla.ramos@urv.cat\">carla.ramos@urv.cat<\/a><\/p>\n<\/div><\/div><div class=\"avia-testimonial-meta\"><div class=\"avia-testimonial-arrow-wrap\"><div class=\"avia-arrow\"><\/div><\/div><div class='avia-testimonial-meta-mini'  itemprop=\"author\" itemscope=\"itemscope\" itemtype=\"https:\/\/schema.org\/Person\" ><\/div><\/div><\/div><\/div>\n<div class='avia-testimonial av-ln1vb1c0-931b1cfd2cc97134145d392bffc49d44 avia-testimonial-row-1 avia-last-testimonial flex_column no_margin av_one_half'><div class='avia-testimonial_inner'  itemscope=\"itemscope\" itemtype=\"https:\/\/schema.org\/CreativeWork\" ><div class='avia-testimonial-image'  itemprop=\"image\" ><img loading=\"lazy\" decoding=\"async\" width=\"180\" height=\"180\" src=\"https:\/\/ledfertyl.eu\/wp-content\/uploads\/2023\/09\/Ailende-180x180.jpg\" class=\"attachment-square size-square\" alt=\"\" srcset=\"https:\/\/ledfertyl.eu\/wp-content\/uploads\/2023\/09\/Ailende-180x180.jpg 180w, https:\/\/ledfertyl.eu\/wp-content\/uploads\/2023\/09\/Ailende-80x80.jpg 80w, https:\/\/ledfertyl.eu\/wp-content\/uploads\/2023\/09\/Ailende-36x36.jpg 36w\" sizes=\"auto, (max-width: 180px) 100vw, 180px\" \/><\/div><div class='avia-testimonial-content '><div class='avia-testimonial-markup-entry-content'  itemprop=\"text\" ><p><strong>Ailende Eigbefoh-Addeh Imafidon<br \/>\n<\/strong>Universitat Rovira i Virgili (URV), IISPV<br \/>\n<a href=\"mailto:ailende.eigbefoh-addeh@urv.cat\">ailende.eigbefoh-addeh@urv.cat<\/a><\/p>\n<\/div><\/div><div class=\"avia-testimonial-meta\"><div class=\"avia-testimonial-arrow-wrap\"><div class=\"avia-arrow\"><\/div><\/div><div class='avia-testimonial-meta-mini'  itemprop=\"author\" itemscope=\"itemscope\" itemtype=\"https:\/\/schema.org\/Person\" ><\/div><\/div><\/div><\/div><\/section>\n<\/div><\/div>\n<div  class='hr av-1b2o2u-188f60230e1bf14e323ca525ae7f1c16 hr-default  avia-builder-el-11  el_after_av_one_full  el_before_av_heading '><span class='hr-inner '><span class=\"hr-inner-style\"><\/span><\/span><\/div>\n\n<style type=\"text\/css\" data-created_by=\"avia_inline_auto\" id=\"style-css-av-lm8wbrdb-eed15a192b1957a9eed62cfc7abab29a\">\n#top .av-special-heading.av-lm8wbrdb-eed15a192b1957a9eed62cfc7abab29a{\npadding-bottom:0;\n}\nbody .av-special-heading.av-lm8wbrdb-eed15a192b1957a9eed62cfc7abab29a .av-special-heading-tag .heading-char{\nfont-size:25px;\n}\n.av-special-heading.av-lm8wbrdb-eed15a192b1957a9eed62cfc7abab29a .av-subheading{\nfont-size:15px;\n}\n<\/style>\n<div  class='av-special-heading av-lm8wbrdb-eed15a192b1957a9eed62cfc7abab29a av-special-heading-h2 blockquote modern-quote  avia-builder-el-12  el_after_av_hr  el_before_av_textblock '><h2 class='av-special-heading-tag'  itemprop=\"headline\"  >Support Group 2<\/h2><div class=\"special-heading-border\"><div class=\"special-heading-inner-border\"><\/div><\/div><\/div>\n<section  class='av_textblock_section av-3mwo86-dfe7579a3f97322c959598b9efc7e96f '   itemscope=\"itemscope\" itemtype=\"https:\/\/schema.org\/CreativeWork\" ><div class='avia_textblock'  itemprop=\"text\" ><p><strong><img loading=\"lazy\" decoding=\"async\" class=\"alignnone size-medium wp-image-7923\" src=\"https:\/\/ledfertyl.eu\/wp-content\/uploads\/2023\/09\/urv-300x90.jpg\" alt=\"\" width=\"300\" height=\"90\" srcset=\"https:\/\/ledfertyl.eu\/wp-content\/uploads\/2023\/09\/urv-300x90.jpg 300w, https:\/\/ledfertyl.eu\/wp-content\/uploads\/2023\/09\/urv-768x230.jpg 768w, https:\/\/ledfertyl.eu\/wp-content\/uploads\/2023\/09\/urv-705x211.jpg 705w, https:\/\/ledfertyl.eu\/wp-content\/uploads\/2023\/09\/urv.jpg 813w\" sizes=\"auto, (max-width: 300px) 100vw, 300px\" \/><\/strong><\/p>\n<p><strong>Toxicology Unit<br \/>\n<\/strong>Departament de Ci\u00e8ncies M\u00e8diques B\u00e0siques<strong><br \/>\n<\/strong>Faculty of Medicine and Health Sciences of Reus<br \/>\nRovira i Virgili University<br \/>\n<a href=\"https:\/\/www.cienciesmediques.urv.cat\/ca\/recerca\/unitats\/toxicologia\/\">https:\/\/www.cienciesmediques.urv.cat\/ca\/recerca\/unitats\/toxicologia\/<\/a><\/p>\n<\/div><\/section>\n\n<style type=\"text\/css\" data-created_by=\"avia_inline_auto\" id=\"style-css-av-3c4x4e-10b244d0bce166b9bf67fa8f696dc32e\">\n#top .av-special-heading.av-3c4x4e-10b244d0bce166b9bf67fa8f696dc32e{\npadding-bottom:0;\n}\nbody .av-special-heading.av-3c4x4e-10b244d0bce166b9bf67fa8f696dc32e .av-special-heading-tag .heading-char{\nfont-size:25px;\n}\n.av-special-heading.av-3c4x4e-10b244d0bce166b9bf67fa8f696dc32e .av-subheading{\nfont-size:15px;\n}\n<\/style>\n<div  class='av-special-heading av-3c4x4e-10b244d0bce166b9bf67fa8f696dc32e av-special-heading-h2 blockquote modern-quote  avia-builder-el-14  el_after_av_textblock  el_before_av_testimonials '><h2 class='av-special-heading-tag'  itemprop=\"headline\"  >Principal Investigators<\/h2><div class=\"special-heading-border\"><div class=\"special-heading-inner-border\"><\/div><\/div><\/div>\n<div  class='avia-testimonial-wrapper av-5dzuc4-6fe1ca87d7d7472f54687efa3210ff23 avia-grid-testimonials avia-grid-2-testimonials avia_animate_when_almost_visible' >\n<section class=\"avia-testimonial-row\"><div class='avia-testimonial av-4yexfo-8f9906e21172a7b7be41073702caf723 avia-testimonial-row-1 avia-first-testimonial flex_column no_margin av_one_half'><div class='avia-testimonial_inner'  itemscope=\"itemscope\" itemtype=\"https:\/\/schema.org\/CreativeWork\" ><div class='avia-testimonial-image'  itemprop=\"image\" ><img loading=\"lazy\" decoding=\"async\" width=\"180\" height=\"180\" src=\"https:\/\/ledfertyl.eu\/wp-content\/uploads\/2023\/09\/mmarques-180x180.jpg\" class=\"attachment-square size-square\" alt=\"\" srcset=\"https:\/\/ledfertyl.eu\/wp-content\/uploads\/2023\/09\/mmarques-180x180.jpg 180w, https:\/\/ledfertyl.eu\/wp-content\/uploads\/2023\/09\/mmarques-80x80.jpg 80w, https:\/\/ledfertyl.eu\/wp-content\/uploads\/2023\/09\/mmarques-36x36.jpg 36w\" sizes=\"auto, (max-width: 180px) 100vw, 180px\" \/><\/div><div class='avia-testimonial-content '><div class='avia-testimonial-markup-entry-content'  itemprop=\"text\" ><p><strong>Montserrat Marqu\u00e9s Bueno<br \/>\n<\/strong>Universitat Rovira i Virgili (URV)<strong><br \/>\n<\/strong><a href=\"mailto:montserrat.marques@urv.cat\">montserrat.marques@urv.cat<\/a><\/p>\n<\/div><\/div><div class=\"avia-testimonial-meta\"><div class=\"avia-testimonial-arrow-wrap\"><div class=\"avia-arrow\"><\/div><\/div><div class='avia-testimonial-meta-mini'  itemprop=\"author\" itemscope=\"itemscope\" itemtype=\"https:\/\/schema.org\/Person\" ><\/div><\/div><\/div><\/div>\n<\/section><\/div>\n\n<style type=\"text\/css\" data-created_by=\"avia_inline_auto\" id=\"style-css-av-2by6z2-d516b87b5681e7f84fb2acecbba8c9ba\">\n#top .av-special-heading.av-2by6z2-d516b87b5681e7f84fb2acecbba8c9ba{\npadding-bottom:0;\n}\nbody .av-special-heading.av-2by6z2-d516b87b5681e7f84fb2acecbba8c9ba .av-special-heading-tag .heading-char{\nfont-size:25px;\n}\n.av-special-heading.av-2by6z2-d516b87b5681e7f84fb2acecbba8c9ba .av-subheading{\nfont-size:15px;\n}\n<\/style>\n<div  class='av-special-heading av-2by6z2-d516b87b5681e7f84fb2acecbba8c9ba av-special-heading-h2 blockquote modern-quote  avia-builder-el-16  el_after_av_testimonials  el_before_av_one_full '><h2 class='av-special-heading-tag'  itemprop=\"headline\"  >Collaborating researchers<\/h2><div class=\"special-heading-border\"><div class=\"special-heading-inner-border\"><\/div><\/div><\/div>\n\n<style type=\"text\/css\" data-created_by=\"avia_inline_auto\" id=\"style-css-av-2adbwm-de46802d28e96a1d293e3d856d08f942\">\n.flex_column.av-2adbwm-de46802d28e96a1d293e3d856d08f942{\nborder-radius:0px 0px 0px 0px;\npadding:0px 0px 0px 0px;\n}\n<\/style>\n<div  class='flex_column av-2adbwm-de46802d28e96a1d293e3d856d08f942 av_one_full  avia-builder-el-17  el_after_av_heading  el_before_av_one_third  first flex_column_div av-zero-column-padding  '     ><div  class='avia-testimonial-wrapper av-210w0u-f0ad4f42283e9c6b5ac962ba730fed0a avia-grid-testimonials avia-grid-2-testimonials avia_animate_when_almost_visible' >\n<section class=\"avia-testimonial-row\"><div class='avia-testimonial av-f53ti-bfe729594553676b0d06ba32fb536c98 avia-testimonial-row-1 avia-first-testimonial flex_column no_margin av_one_half'><div class='avia-testimonial_inner'  itemscope=\"itemscope\" itemtype=\"https:\/\/schema.org\/CreativeWork\" ><div class='avia-testimonial-image'  itemprop=\"image\" ><img loading=\"lazy\" decoding=\"async\" width=\"180\" height=\"180\" src=\"https:\/\/ledfertyl.eu\/wp-content\/uploads\/2023\/09\/hsanchez-180x180.jpg\" class=\"attachment-square size-square\" alt=\"\" srcset=\"https:\/\/ledfertyl.eu\/wp-content\/uploads\/2023\/09\/hsanchez-180x180.jpg 180w, https:\/\/ledfertyl.eu\/wp-content\/uploads\/2023\/09\/hsanchez-300x300.jpg 300w, https:\/\/ledfertyl.eu\/wp-content\/uploads\/2023\/09\/hsanchez-80x80.jpg 80w, https:\/\/ledfertyl.eu\/wp-content\/uploads\/2023\/09\/hsanchez-36x36.jpg 36w, https:\/\/ledfertyl.eu\/wp-content\/uploads\/2023\/09\/hsanchez.jpg 512w\" sizes=\"auto, (max-width: 180px) 100vw, 180px\" \/><\/div><div class='avia-testimonial-content '><div class='avia-testimonial-markup-entry-content'  itemprop=\"text\" ><p><strong>Elena S\u00e1nchez Resino<br \/>\n<\/strong>Universitat Rovira i Virgili (URV)<strong><br \/>\n<\/strong><a href=\"mailto:elena.sanchez@urv.cat\">elena.sanchez@urv.cat<\/a><\/p>\n<\/div><\/div><div class=\"avia-testimonial-meta\"><div class=\"avia-testimonial-arrow-wrap\"><div class=\"avia-arrow\"><\/div><\/div><div class='avia-testimonial-meta-mini'  itemprop=\"author\" itemscope=\"itemscope\" itemtype=\"https:\/\/schema.org\/Person\" ><\/div><\/div><\/div><\/div>\n<\/section><\/div><\/div>\n\n<style type=\"text\/css\" data-created_by=\"avia_inline_auto\" id=\"style-css-av-129bp2-1208d75f1751bf5798a1e68842a3ce83\">\n.flex_column.av-129bp2-1208d75f1751bf5798a1e68842a3ce83{\nborder-radius:0px 0px 0px 0px;\npadding:0px 0px 0px 0px;\n}\n<\/style>\n<div  class='flex_column av-129bp2-1208d75f1751bf5798a1e68842a3ce83 av_one_third  avia-builder-el-19  el_after_av_one_full  el_before_av_one_third  first flex_column_div av-zero-column-padding  column-top-margin'     ><style type=\"text\/css\" data-created_by=\"avia_inline_auto\" id=\"style-css-av-392va-a082b02803879e36869701372a9cb444\">\n.avia-image-container.av-392va-a082b02803879e36869701372a9cb444 img.avia_image{\nbox-shadow:none;\n}\n.avia-image-container.av-392va-a082b02803879e36869701372a9cb444 .av-image-caption-overlay-center{\ncolor:#ffffff;\n}\n<\/style>\n<div  class='avia-image-container av-392va-a082b02803879e36869701372a9cb444 av-styling- avia-align-center  avia-builder-el-20  avia-builder-el-no-sibling '   itemprop=\"image\" itemscope=\"itemscope\" itemtype=\"https:\/\/schema.org\/ImageObject\" ><div class=\"avia-image-container-inner\"><div class=\"avia-image-overlay-wrap\"><img decoding=\"async\" class='wp-image-8686 avia-img-lazy-loading-not-8686 avia_image ' src=\"https:\/\/ledfertyl.eu\/wp-content\/uploads\/2023\/11\/f1accesoequipomedico2.png\" alt='' title='f1accesoequipomedico2'  height=\"671\" width=\"1297\"  itemprop=\"thumbnailUrl\" srcset=\"https:\/\/ledfertyl.eu\/wp-content\/uploads\/2023\/11\/f1accesoequipomedico2.png 1297w, https:\/\/ledfertyl.eu\/wp-content\/uploads\/2023\/11\/f1accesoequipomedico2-300x155.png 300w, https:\/\/ledfertyl.eu\/wp-content\/uploads\/2023\/11\/f1accesoequipomedico2-1030x533.png 1030w, https:\/\/ledfertyl.eu\/wp-content\/uploads\/2023\/11\/f1accesoequipomedico2-768x397.png 768w, https:\/\/ledfertyl.eu\/wp-content\/uploads\/2023\/11\/f1accesoequipomedico2-705x365.png 705w\" sizes=\"(max-width: 1297px) 100vw, 1297px\" \/><\/div><\/div><\/div><\/div>\n\n<style type=\"text\/css\" data-created_by=\"avia_inline_auto\" id=\"style-css-av-r97ny-84e5bdf9bb8e916edb429abc8504c16a\">\n.flex_column.av-r97ny-84e5bdf9bb8e916edb429abc8504c16a{\nborder-radius:0px 0px 0px 0px;\npadding:0px 0px 0px 0px;\n}\n<\/style>\n<div  class='flex_column av-r97ny-84e5bdf9bb8e916edb429abc8504c16a av_one_third  avia-builder-el-21  el_after_av_one_third  el_before_av_one_third  flex_column_div av-zero-column-padding  column-top-margin'     ><style type=\"text\/css\" data-created_by=\"avia_inline_auto\" id=\"style-css-av-m1426-811cd93e05ef6b26eac75dac2046e91c\">\n.avia-image-container.av-m1426-811cd93e05ef6b26eac75dac2046e91c img.avia_image{\nbox-shadow:none;\n}\n.avia-image-container.av-m1426-811cd93e05ef6b26eac75dac2046e91c .av-image-caption-overlay-center{\ncolor:#ffffff;\n}\n<\/style>\n<div  class='avia-image-container av-m1426-811cd93e05ef6b26eac75dac2046e91c av-styling- avia-align-center  avia-builder-el-22  avia-builder-el-no-sibling '   itemprop=\"image\" itemscope=\"itemscope\" itemtype=\"https:\/\/schema.org\/ImageObject\" ><div class=\"avia-image-container-inner\"><div class=\"avia-image-overlay-wrap\"><img decoding=\"async\" class='wp-image-8706 avia-img-lazy-loading-not-8706 avia_image ' src=\"https:\/\/ledfertyl.eu\/wp-content\/uploads\/2023\/11\/f2accesoparticipantes2.png\" alt='' title='f2accesoparticipantes2'  height=\"657\" width=\"1297\"  itemprop=\"thumbnailUrl\" srcset=\"https:\/\/ledfertyl.eu\/wp-content\/uploads\/2023\/11\/f2accesoparticipantes2.png 1297w, https:\/\/ledfertyl.eu\/wp-content\/uploads\/2023\/11\/f2accesoparticipantes2-300x152.png 300w, https:\/\/ledfertyl.eu\/wp-content\/uploads\/2023\/11\/f2accesoparticipantes2-1030x522.png 1030w, https:\/\/ledfertyl.eu\/wp-content\/uploads\/2023\/11\/f2accesoparticipantes2-768x389.png 768w, https:\/\/ledfertyl.eu\/wp-content\/uploads\/2023\/11\/f2accesoparticipantes2-705x357.png 705w\" sizes=\"(max-width: 1297px) 100vw, 1297px\" \/><\/div><\/div><\/div><\/div>\n\n<style type=\"text\/css\" data-created_by=\"avia_inline_auto\" id=\"style-css-av-goc8u-a987da8929d8e5201b3eea9d2a8be639\">\n.flex_column.av-goc8u-a987da8929d8e5201b3eea9d2a8be639{\nborder-radius:0px 0px 0px 0px;\npadding:0px 0px 0px 0px;\n}\n<\/style>\n<div  class='flex_column av-goc8u-a987da8929d8e5201b3eea9d2a8be639 av_one_third  avia-builder-el-23  el_after_av_one_third  avia-builder-el-last  flex_column_div av-zero-column-padding  column-top-margin'     ><style type=\"text\/css\" data-created_by=\"avia_inline_auto\" id=\"style-css-av-7m6qe-8d9903181468f3a798e17090ab1f32e6\">\n.avia-image-container.av-7m6qe-8d9903181468f3a798e17090ab1f32e6 img.avia_image{\nbox-shadow:none;\n}\n.avia-image-container.av-7m6qe-8d9903181468f3a798e17090ab1f32e6 .av-image-caption-overlay-center{\ncolor:#ffffff;\n}\n<\/style>\n<div  class='avia-image-container av-7m6qe-8d9903181468f3a798e17090ab1f32e6 av-styling- avia-align-center  avia-builder-el-24  avia-builder-el-no-sibling '   itemprop=\"image\" itemscope=\"itemscope\" itemtype=\"https:\/\/schema.org\/ImageObject\" ><div class=\"avia-image-container-inner\"><div class=\"avia-image-overlay-wrap\"><a href=\"https:\/\/ledfertyl.eu\/en\/contact\/\" class='avia_image'  aria-label='f3contacto'><img decoding=\"async\" class='wp-image-8698 avia-img-lazy-loading-not-8698 avia_image ' src=\"https:\/\/ledfertyl.eu\/wp-content\/uploads\/2023\/11\/f3contacto.png\" alt='' title='f3contacto'  height=\"658\" width=\"1297\"  itemprop=\"thumbnailUrl\" srcset=\"https:\/\/ledfertyl.eu\/wp-content\/uploads\/2023\/11\/f3contacto.png 1297w, https:\/\/ledfertyl.eu\/wp-content\/uploads\/2023\/11\/f3contacto-300x152.png 300w, https:\/\/ledfertyl.eu\/wp-content\/uploads\/2023\/11\/f3contacto-1030x523.png 1030w, https:\/\/ledfertyl.eu\/wp-content\/uploads\/2023\/11\/f3contacto-768x390.png 768w, https:\/\/ledfertyl.eu\/wp-content\/uploads\/2023\/11\/f3contacto-705x358.png 705w\" sizes=\"(max-width: 1297px) 100vw, 1297px\" \/><\/a><\/div><\/div><\/div><\/div>\n","protected":false},"excerpt":{"rendered":"","protected":false},"author":6,"featured_media":0,"parent":0,"menu_order":2,"comment_status":"closed","ping_status":"closed","template":"","meta":{"footnotes":""},"class_list":["post-8580","page","type-page","status-publish","hentry"],"_links":{"self":[{"href":"https:\/\/ledfertyl.eu\/en\/wp-json\/wp\/v2\/pages\/8580","targetHints":{"allow":["GET"]}}],"collection":[{"href":"https:\/\/ledfertyl.eu\/en\/wp-json\/wp\/v2\/pages"}],"about":[{"href":"https:\/\/ledfertyl.eu\/en\/wp-json\/wp\/v2\/types\/page"}],"author":[{"embeddable":true,"href":"https:\/\/ledfertyl.eu\/en\/wp-json\/wp\/v2\/users\/6"}],"replies":[{"embeddable":true,"href":"https:\/\/ledfertyl.eu\/en\/wp-json\/wp\/v2\/comments?post=8580"}],"version-history":[{"count":6,"href":"https:\/\/ledfertyl.eu\/en\/wp-json\/wp\/v2\/pages\/8580\/revisions"}],"predecessor-version":[{"id":8924,"href":"https:\/\/ledfertyl.eu\/en\/wp-json\/wp\/v2\/pages\/8580\/revisions\/8924"}],"wp:attachment":[{"href":"https:\/\/ledfertyl.eu\/en\/wp-json\/wp\/v2\/media?parent=8580"}],"curies":[{"name":"wp","href":"https:\/\/api.w.org\/{rel}","templated":true}]}}