{"id":8621,"date":"2023-11-10T14:54:46","date_gmt":"2023-11-10T12:54:46","guid":{"rendered":"https:\/\/ledfertyl.eu\/publicacions\/"},"modified":"2025-06-03T16:34:38","modified_gmt":"2025-06-03T14:34:38","slug":"publicacions","status":"publish","type":"page","link":"https:\/\/ledfertyl.eu\/ca\/publicacions\/","title":{"rendered":"Publicacions"},"content":{"rendered":"\n<style type=\"text\/css\" data-created_by=\"avia_inline_auto\" id=\"style-css-av-ci4mcv-a22c53a1b638317fbd56750784ccca93\">\n#top .av-special-heading.av-ci4mcv-a22c53a1b638317fbd56750784ccca93{\npadding-bottom:30px;\n}\nbody .av-special-heading.av-ci4mcv-a22c53a1b638317fbd56750784ccca93 .av-special-heading-tag .heading-char{\nfont-size:25px;\n}\n.av-special-heading.av-ci4mcv-a22c53a1b638317fbd56750784ccca93 .av-subheading{\nfont-size:15px;\n}\n<\/style>\n<div  class='av-special-heading av-ci4mcv-a22c53a1b638317fbd56750784ccca93 av-special-heading-h1 blockquote modern-quote  avia-builder-el-0  el_before_av_textblock  avia-builder-el-first '><h1 class='av-special-heading-tag'  itemprop=\"headline\"  >Publicacions<\/h1><div class=\"special-heading-border\"><div class=\"special-heading-inner-border\"><\/div><\/div><\/div>\n<section  class='av_textblock_section av-loscgdp4-eaebe97d9ad67d8a5e8f40eb7e171384 '   itemscope=\"itemscope\" itemtype=\"https:\/\/schema.org\/CreativeWork\" ><div class='avia_textblock'  itemprop=\"text\" ><h2><strong>2025<\/strong><\/h2>\n<\/div><\/section>\n<div  class='flex_column av-av_one_fifth-ad1e29d2f4ce5cfba840fbcf47d534e9 av_one_fifth  avia-builder-el-2  el_after_av_textblock  el_before_av_four_fifth  first flex_column_div  column-top-margin'     ><style type=\"text\/css\" data-created_by=\"avia_inline_auto\" id=\"style-css-av-mbgm50bl-8557f008bba621a408d879269e31ed65\">\n.avia-image-container.av-mbgm50bl-8557f008bba621a408d879269e31ed65 img.avia_image{\nbox-shadow:none;\n}\n.avia-image-container.av-mbgm50bl-8557f008bba621a408d879269e31ed65 .av-image-caption-overlay-center{\ncolor:#ffffff;\n}\n<\/style>\n<div  class='avia-image-container av-mbgm50bl-8557f008bba621a408d879269e31ed65 av-styling- avia-align-center  avia-builder-el-3  avia-builder-el-no-sibling '   itemprop=\"image\" itemscope=\"itemscope\" itemtype=\"https:\/\/schema.org\/ImageObject\" ><div class=\"avia-image-container-inner\"><div class=\"avia-image-overlay-wrap\"><img decoding=\"async\" class='wp-image-9400 avia-img-lazy-loading-not-9400 avia_image ' src=\"https:\/\/ledfertyl.eu\/wp-content\/uploads\/2025\/06\/advnutr-148x180.gif\" alt='' title='advnutr'  height=\"180\" width=\"148\"  itemprop=\"thumbnailUrl\"  \/><\/div><\/div><\/div><\/div>\n<div  class='flex_column av-av_four_fifth-4c8e6729a6c013dfb5b481982d3b59c4 av_four_fifth  avia-builder-el-4  el_after_av_one_fifth  el_before_av_hr  flex_column_div  column-top-margin'     ><section  class='av_textblock_section av-m2sr9n6x-5e51e89fa846231f275ff2dddc4807cb '   itemscope=\"itemscope\" itemtype=\"https:\/\/schema.org\/CreativeWork\" ><div class='avia_textblock'  itemprop=\"text\" ><p>Agarwal R, Salas-Salvad\u00f3 J, Davila-Cordova E, Shyam S, Fern\u00e1ndez de la Puente M, Azurmendi MP, Babio N, Salas-Huetos A. <strong>Mediterranean diet, semen quality and medically assisted reproductive outcomes in the male population: a systematic review and meta-analysis.<\/strong><br \/>\nAdv Nutr. 2025 May 24:100454. doi: 10.1016\/j.advnut.2025.100454. Epub ahead of print. PMID: 40419219.<strong><br \/>\n<a href=\"https:\/\/pubmed.ncbi.nlm.nih.gov\/39449282\/\">PMID: 39449282.<\/a><\/strong><\/p>\n<\/div><\/section><\/div>\n<div  class='hr av-av_hr-91d7ccd583a503147498e120fee2ff9b hr-default  avia-builder-el-6  el_after_av_four_fifth  el_before_av_textblock '><span class='hr-inner '><span class=\"hr-inner-style\"><\/span><\/span><\/div>\n<section  class='av_textblock_section av-av_textblock-263a286a3ec605a4b845ded44ee74c94 '   itemscope=\"itemscope\" itemtype=\"https:\/\/schema.org\/CreativeWork\" ><div class='avia_textblock'  itemprop=\"text\" ><h2><strong>2024<\/strong><\/h2>\n<\/div><\/section>\n<div  class='flex_column av-losbym5c-2d105efb7c5c9a71f14daa1f01c1d285 av_one_fifth  avia-builder-el-8  el_after_av_textblock  el_before_av_four_fifth  first flex_column_div  column-top-margin'     ><style type=\"text\/css\" data-created_by=\"avia_inline_auto\" id=\"style-css-av-losc4z5a-a7aa37befbd1aca6fab0cfbc20d7f6f5\">\n.avia-image-container.av-losc4z5a-a7aa37befbd1aca6fab0cfbc20d7f6f5 img.avia_image{\nbox-shadow:none;\n}\n.avia-image-container.av-losc4z5a-a7aa37befbd1aca6fab0cfbc20d7f6f5 .av-image-caption-overlay-center{\ncolor:#ffffff;\n}\n<\/style>\n<div  class='avia-image-container av-losc4z5a-a7aa37befbd1aca6fab0cfbc20d7f6f5 av-styling- avia-align-center  avia-builder-el-9  avia-builder-el-no-sibling '   itemprop=\"image\" itemscope=\"itemscope\" itemtype=\"https:\/\/schema.org\/ImageObject\" ><div class=\"avia-image-container-inner\"><div class=\"avia-image-overlay-wrap\"><img decoding=\"async\" class='wp-image- avia-img-lazy-loading-not- avia_image ' src=\"https:\/\/ledfertyl.eu\/wp-content\/uploads\/2023\/10\/andr.v11.7.cover_-228x300.jpg\" alt='' title=''   itemprop=\"thumbnailUrl\"  \/><\/div><\/div><\/div><\/div>\n<div  class='flex_column av-av_four_fifth-4c8e6729a6c013dfb5b481982d3b59c4 av_four_fifth  avia-builder-el-10  el_after_av_one_fifth  el_before_av_one_fifth  flex_column_div  column-top-margin'     ><section  class='av_textblock_section av-av_textblock-263a286a3ec605a4b845ded44ee74c94 '   itemscope=\"itemscope\" itemtype=\"https:\/\/schema.org\/CreativeWork\" ><div class='avia_textblock'  itemprop=\"text\" ><p>Davila-Cordova E, Salas-Huetos A, Valle-Hita C, Fern\u00e1ndez de la Puente M, Mart\u00ednez M\u00c1, Palau-Galindo A, Del Egido-Gonz\u00e1lez C, Manzanares-Errazu JM, S\u00e1nchez-Resino E, Salas-Salvad\u00f3 J, Babio N. <strong>Healthy and unhealthy dietary patterns and sperm quality from the Led-Fertyl study.<\/strong><br \/>\nAndrology. 2024 Oct 24. doi: 10.1111\/andr.13789. Epub ahead of print. PMID: 39449282.<strong><a href=\"https:\/\/doi.org\/10.1093\/hropen\/hoae062\" data-google-interstitial=\"false\"><br \/>\n<\/a><a href=\"https:\/\/pubmed.ncbi.nlm.nih.gov\/39449282\/\">PMID: 39449282.<\/a><\/strong><\/p>\n<\/div><\/section><\/div>\n<div  class='flex_column av-av_one_fifth-ad1e29d2f4ce5cfba840fbcf47d534e9 av_one_fifth  avia-builder-el-12  el_after_av_four_fifth  el_before_av_four_fifth  first flex_column_div  '     ><style type=\"text\/css\" data-created_by=\"avia_inline_auto\" id=\"style-css-av-av_image-4d95d20e16d6b87751dd123cb9a68a31\">\n.avia-image-container.av-av_image-4d95d20e16d6b87751dd123cb9a68a31 img.avia_image{\nbox-shadow:none;\n}\n.avia-image-container.av-av_image-4d95d20e16d6b87751dd123cb9a68a31 .av-image-caption-overlay-center{\ncolor:#ffffff;\n}\n<\/style>\n<div  class='avia-image-container av-av_image-4d95d20e16d6b87751dd123cb9a68a31 av-styling- avia-align-center  avia-builder-el-13  avia-builder-el-no-sibling '   itemprop=\"image\" itemscope=\"itemscope\" itemtype=\"https:\/\/schema.org\/ImageObject\" ><div class=\"avia-image-container-inner\"><div class=\"avia-image-overlay-wrap\"><img decoding=\"async\" class='wp-image-9107 avia-img-lazy-loading-not-9107 avia_image ' src=\"https:\/\/ledfertyl.eu\/wp-content\/uploads\/2024\/01\/humanreprocutionopen.jpg\" alt='' title='humanreprocutionopen'  height=\"1875\" width=\"1416\"  itemprop=\"thumbnailUrl\" srcset=\"https:\/\/ledfertyl.eu\/wp-content\/uploads\/2024\/01\/humanreprocutionopen.jpg 1416w, https:\/\/ledfertyl.eu\/wp-content\/uploads\/2024\/01\/humanreprocutionopen-227x300.jpg 227w, https:\/\/ledfertyl.eu\/wp-content\/uploads\/2024\/01\/humanreprocutionopen-778x1030.jpg 778w, https:\/\/ledfertyl.eu\/wp-content\/uploads\/2024\/01\/humanreprocutionopen-768x1017.jpg 768w, https:\/\/ledfertyl.eu\/wp-content\/uploads\/2024\/01\/humanreprocutionopen-1160x1536.jpg 1160w, https:\/\/ledfertyl.eu\/wp-content\/uploads\/2024\/01\/humanreprocutionopen-1133x1500.jpg 1133w, https:\/\/ledfertyl.eu\/wp-content\/uploads\/2024\/01\/humanreprocutionopen-532x705.jpg 532w\" sizes=\"(max-width: 1416px) 100vw, 1416px\" \/><\/div><\/div><\/div><\/div>\n<div  class='flex_column av-2e5wtr-bccb9cbe464b7a0b57a909e4b597c981 av_four_fifth  avia-builder-el-14  el_after_av_one_fifth  el_before_av_one_fifth  flex_column_div  '     ><section  class='av_textblock_section av-loscfofc-b8dd25479a0ca7f35c23470a59321987 '   itemscope=\"itemscope\" itemtype=\"https:\/\/schema.org\/CreativeWork\" ><div class='avia_textblock'  itemprop=\"text\" ><p>Fern\u00e1ndez de la Puente M, Valle-Hita C, Salas-Huetos A, Mart\u00ednez M\u00c1, S\u00e1nchez-Resino E, Canudas S, Torres-Oteros D, Relat J, Babio N, Salas-Salvad\u00f3 J. <strong>Sperm and leukocyte telomere length are related to sperm quality parameters in healthy men from the Led-Fertyl study.<\/strong><br \/>\nHum Reprod Open. 2024 Oct 14;2024(4):hoae062. PMID: 39474122.<br \/>\n<strong><a class=\"external\" href=\"https:\/\/www.ncbi.nlm.nih.gov\/pubmed\/?term=39474122\" target=\"_blank\" rel=\"external noopener\">Ver abstract en Pubmed<\/a><\/strong><\/p>\n<\/div><\/section><\/div>\n<div  class='flex_column av-av_one_fifth-ad1e29d2f4ce5cfba840fbcf47d534e9 av_one_fifth  avia-builder-el-16  el_after_av_four_fifth  el_before_av_four_fifth  first flex_column_div  '     ><style type=\"text\/css\" data-created_by=\"avia_inline_auto\" id=\"style-css-av-av_image-d63a942e0dc3cee1fbc17ce15af997b2\">\n.avia-image-container.av-av_image-d63a942e0dc3cee1fbc17ce15af997b2 img.avia_image{\nbox-shadow:none;\n}\n.avia-image-container.av-av_image-d63a942e0dc3cee1fbc17ce15af997b2 .av-image-caption-overlay-center{\ncolor:#ffffff;\n}\n<\/style>\n<div  class='avia-image-container av-av_image-d63a942e0dc3cee1fbc17ce15af997b2 av-styling- avia-align-center  avia-builder-el-17  avia-builder-el-no-sibling '   itemprop=\"image\" itemscope=\"itemscope\" itemtype=\"https:\/\/schema.org\/ImageObject\" ><div class=\"avia-image-container-inner\"><div class=\"avia-image-overlay-wrap\"><img decoding=\"async\" class='wp-image- avia-img-lazy-loading-not- avia_image ' src=\"https:\/\/ledfertyl.eu\/wp-content\/uploads\/2023\/10\/X00139351-225x300.jpg\" alt='' title=''   itemprop=\"thumbnailUrl\"  \/><\/div><\/div><\/div><\/div>\n<div  class='flex_column av-av_four_fifth-4c8e6729a6c013dfb5b481982d3b59c4 av_four_fifth  avia-builder-el-18  el_after_av_one_fifth  el_before_av_one_fifth  flex_column_div  '     ><section  class='av_textblock_section av-m46sk9ox-986063db06bba5dc470f5e47fd947e46 '   itemscope=\"itemscope\" itemtype=\"https:\/\/schema.org\/CreativeWork\" ><div class='avia_textblock'  itemprop=\"text\" ><p>Mart\u00ednez M\u00c1, Salas-Huetos A, Fern\u00e1ndez de la Puente M, Valle-Hita C, Marqu\u00e8s M, Del Egido-Gonz\u00e1lez C, Davila-Cordova E, Mestres C, Petersen MS, Babio N, Salas-Salvad\u00f3 J. <strong>Exploring the association between urinary bisphenol A, S, and F levels and semen quality parameters: Findings from Led-Fertyl cross-sectional study.<\/strong> Environ Res. 2024 Dec 15;263(Pt 2):120086.<br \/>\ndoi: 10.1016\/j.envres.2024.120086.<br \/>\n<a href=\"https:\/\/pubmed.ncbi.nlm.nih.gov\/39353529\/\">PMID: 39353529.<\/a><\/p>\n<\/div><\/section><\/div>\n<div  class='flex_column av-av_one_fifth-ad1e29d2f4ce5cfba840fbcf47d534e9 av_one_fifth  avia-builder-el-20  el_after_av_four_fifth  el_before_av_four_fifth  first flex_column_div  '     ><style type=\"text\/css\" data-created_by=\"avia_inline_auto\" id=\"style-css-av-av_image-4d95d20e16d6b87751dd123cb9a68a31\">\n.avia-image-container.av-av_image-4d95d20e16d6b87751dd123cb9a68a31 img.avia_image{\nbox-shadow:none;\n}\n.avia-image-container.av-av_image-4d95d20e16d6b87751dd123cb9a68a31 .av-image-caption-overlay-center{\ncolor:#ffffff;\n}\n<\/style>\n<div  class='avia-image-container av-av_image-4d95d20e16d6b87751dd123cb9a68a31 av-styling- avia-align-center  avia-builder-el-21  avia-builder-el-no-sibling '   itemprop=\"image\" itemscope=\"itemscope\" itemtype=\"https:\/\/schema.org\/ImageObject\" ><div class=\"avia-image-container-inner\"><div class=\"avia-image-overlay-wrap\"><img decoding=\"async\" class='wp-image-9107 avia-img-lazy-loading-not-9107 avia_image ' src=\"https:\/\/ledfertyl.eu\/wp-content\/uploads\/2024\/01\/humanreprocutionopen.jpg\" alt='' title='humanreprocutionopen'  height=\"1875\" width=\"1416\"  itemprop=\"thumbnailUrl\" srcset=\"https:\/\/ledfertyl.eu\/wp-content\/uploads\/2024\/01\/humanreprocutionopen.jpg 1416w, https:\/\/ledfertyl.eu\/wp-content\/uploads\/2024\/01\/humanreprocutionopen-227x300.jpg 227w, https:\/\/ledfertyl.eu\/wp-content\/uploads\/2024\/01\/humanreprocutionopen-778x1030.jpg 778w, https:\/\/ledfertyl.eu\/wp-content\/uploads\/2024\/01\/humanreprocutionopen-768x1017.jpg 768w, https:\/\/ledfertyl.eu\/wp-content\/uploads\/2024\/01\/humanreprocutionopen-1160x1536.jpg 1160w, https:\/\/ledfertyl.eu\/wp-content\/uploads\/2024\/01\/humanreprocutionopen-1133x1500.jpg 1133w, https:\/\/ledfertyl.eu\/wp-content\/uploads\/2024\/01\/humanreprocutionopen-532x705.jpg 532w\" sizes=\"(max-width: 1416px) 100vw, 1416px\" \/><\/div><\/div><\/div><\/div>\n<div  class='flex_column av-av_four_fifth-4c8e6729a6c013dfb5b481982d3b59c4 av_four_fifth  avia-builder-el-22  el_after_av_one_fifth  el_before_av_one_fifth  flex_column_div  '     ><section  class='av_textblock_section av-av_textblock-263a286a3ec605a4b845ded44ee74c94 '   itemscope=\"itemscope\" itemtype=\"https:\/\/schema.org\/CreativeWork\" ><div class='avia_textblock'  itemprop=\"text\" ><p>Valle-Hita C, Salas-Huetos A, Fern\u00e1ndez de la Puente M, Mart\u00ednez M\u00c1, Canudas S, Palau-Galindo A, Mestres C, Manzanares JM, Murphy MM, Marqu\u00e8s M, Salas-Salvad\u00f3 J, Babio N. <strong>Ultra-processed food consumption and semen quality parameters in the Led-Fertyl study.<\/strong><br \/>\nHum Reprod Open. 2024 Jan 17;2024(1):hoae001.<br \/>\ndoi: 10.1093\/hropen\/hoae001.<br \/>\n<a href=\"https:\/\/pubmed.ncbi.nlm.nih.gov\/38283622\/\">PMID: 38283622.<\/a><\/p>\n<\/div><\/section><\/div>\n<div  class='flex_column av-av_one_fifth-ad1e29d2f4ce5cfba840fbcf47d534e9 av_one_fifth  avia-builder-el-24  el_after_av_four_fifth  el_before_av_four_fifth  first flex_column_div  '     ><style type=\"text\/css\" data-created_by=\"avia_inline_auto\" id=\"style-css-av-av_image-1f721e78f61e626320f2daea39d78aaa\">\n.avia-image-container.av-av_image-1f721e78f61e626320f2daea39d78aaa img.avia_image{\nbox-shadow:none;\n}\n.avia-image-container.av-av_image-1f721e78f61e626320f2daea39d78aaa .av-image-caption-overlay-center{\ncolor:#ffffff;\n}\n<\/style>\n<div  class='avia-image-container av-av_image-1f721e78f61e626320f2daea39d78aaa av-styling- avia-align-center  avia-builder-el-25  avia-builder-el-no-sibling '   itemprop=\"image\" itemscope=\"itemscope\" itemtype=\"https:\/\/schema.org\/ImageObject\" ><div class=\"avia-image-container-inner\"><div class=\"avia-image-overlay-wrap\"><img decoding=\"async\" class='wp-image- avia-img-lazy-loading-not- avia_image ' src=\"https:\/\/ledfertyl.eu\/wp-content\/uploads\/2023\/10\/andr.v11.7.cover_-228x300.jpg\" alt='' title=''   itemprop=\"thumbnailUrl\"  \/><\/div><\/div><\/div><\/div>\n<div  class='flex_column av-losc60qq-75ce3d5b4d7bb3cedeee4e20ec07c138 av_four_fifth  avia-builder-el-26  el_after_av_one_fifth  el_before_av_hr  flex_column_div  '     ><section  class='av_textblock_section av-losc6r3c-6c0b259fc69f32e2b5e8a666fea41268 '   itemscope=\"itemscope\" itemtype=\"https:\/\/schema.org\/CreativeWork\" ><div class='avia_textblock'  itemprop=\"text\" ><p>Fern\u00e1ndez de la Puente M, Salas-Huetos A, Valle-Hita C, Babio N, Murphy MM, Canudas S, Salas-Salvad\u00f3 J. <strong>Is telomere length a biomarker of sperm quality? A systematic review and meta-analysis of observational studies.<\/strong><br \/>\nAndrology. 2024 Feb;12(2):277-288.<br \/>\ndoi: 10.1111\/andr.13482.<br \/>\n<a href=\"https:\/\/pubmed.ncbi.nlm.nih.gov\/37328426\/\">PMID: 37328426.<\/a><\/p>\n<\/div><\/section><\/div>\n<div  class='hr av-3q63bz-d0201cf31f15c6bd115250ab8543dec4 hr-default  avia-builder-el-28  el_after_av_four_fifth  el_before_av_textblock '><span class='hr-inner '><span class=\"hr-inner-style\"><\/span><\/span><\/div>\n<section  class='av_textblock_section av-5ecdfz-8eee6a75fa352e9f325c7fd57fc8c004 '   itemscope=\"itemscope\" itemtype=\"https:\/\/schema.org\/CreativeWork\" ><div class='avia_textblock'  itemprop=\"text\" ><h2><strong>2023<\/strong><\/h2>\n<\/div><\/section>\n<div  class='flex_column av-49b6fj-7cd5a266db797a50e90643d1f3e515b3 av_one_fifth  avia-builder-el-30  el_after_av_textblock  el_before_av_four_fifth  first flex_column_div  column-top-margin'     ><style type=\"text\/css\" data-created_by=\"avia_inline_auto\" id=\"style-css-av-losceqz9-0c68c4bb71f221c643e97bdeb8cc2cc1\">\n.avia-image-container.av-losceqz9-0c68c4bb71f221c643e97bdeb8cc2cc1 img.avia_image{\nbox-shadow:none;\n}\n.avia-image-container.av-losceqz9-0c68c4bb71f221c643e97bdeb8cc2cc1 .av-image-caption-overlay-center{\ncolor:#ffffff;\n}\n<\/style>\n<div  class='avia-image-container av-losceqz9-0c68c4bb71f221c643e97bdeb8cc2cc1 av-styling- avia-align-center  avia-builder-el-31  avia-builder-el-no-sibling '   itemprop=\"image\" itemscope=\"itemscope\" itemtype=\"https:\/\/schema.org\/ImageObject\" ><div class=\"avia-image-container-inner\"><div class=\"avia-image-overlay-wrap\"><img decoding=\"async\" class='wp-image-8484 avia-img-lazy-loading-not-8484 avia_image ' src=\"https:\/\/ledfertyl.eu\/wp-content\/uploads\/2023\/11\/Environ-Sci-Technol.jpg\" alt='' title='Environ Sci Technol'  height=\"237\" width=\"178\"  itemprop=\"thumbnailUrl\"  \/><\/div><\/div><\/div><\/div>\n<div  class='flex_column av-3ynipb-b5dbed941eea1a4692a8922637d9bdea av_four_fifth  avia-builder-el-32  el_after_av_one_fifth  el_before_av_one_fifth  flex_column_div  column-top-margin'     ><section  class='av_textblock_section av-1upohr-0e9b561a3ded13ea76e07e2dd516735f '   itemscope=\"itemscope\" itemtype=\"https:\/\/schema.org\/CreativeWork\" ><div class='avia_textblock'  itemprop=\"text\" ><p>S\u00e1nchez-Resino E, Marqu\u00e8s M, Guti\u00e9rrez-Mart\u00edn D, Restrepo-Montes E, Mart\u00ednez M\u00c1, Salas-Huetos A, Babio N, Salas-Salvad\u00f3 J, Gil-Solsona R, Gago-Ferrero P. <strong>Exploring the Occurrence of Organic Contaminants in Human Semen through an Innovative LC-HRMS-Based Methodology Suitable for Target and Nontarget Analysis.<\/strong><br \/>\nEnviron Sci Technol. 2023 Dec 5;57(48):19236-19252.<br \/>\ndoi: 10.1021\/acs.est.3c04347.<br \/>\n<a href=\"https:\/\/pubmed.ncbi.nlm.nih.gov\/37934628\/\">PMID: 37934628.<\/a><\/p>\n<\/div><\/section><\/div>\n<div  class='flex_column av-702cjj-847fd46d635efe01b25572154e05cc45 av_one_fifth  avia-builder-el-34  el_after_av_four_fifth  el_before_av_four_fifth  first flex_column_div  '     ><style type=\"text\/css\" data-created_by=\"avia_inline_auto\" id=\"style-css-av-loscck4d-fc5481f475f46554415d4d1257d2f35d\">\n.avia-image-container.av-loscck4d-fc5481f475f46554415d4d1257d2f35d img.avia_image{\nbox-shadow:none;\n}\n.avia-image-container.av-loscck4d-fc5481f475f46554415d4d1257d2f35d .av-image-caption-overlay-center{\ncolor:#ffffff;\n}\n<\/style>\n<div  class='avia-image-container av-loscck4d-fc5481f475f46554415d4d1257d2f35d av-styling- avia-align-center  avia-builder-el-35  avia-builder-el-no-sibling '   itemprop=\"image\" itemscope=\"itemscope\" itemtype=\"https:\/\/schema.org\/ImageObject\" ><div class=\"avia-image-container-inner\"><div class=\"avia-image-overlay-wrap\"><img decoding=\"async\" class='wp-image- avia-img-lazy-loading-not- avia_image ' src=\"https:\/\/ledfertyl.eu\/wp-content\/uploads\/2023\/10\/X00139351-225x300.jpg\" alt='' title=''   itemprop=\"thumbnailUrl\"  \/><\/div><\/div><\/div><\/div>\n<div  class='flex_column av-2weuin-834e97d39e8d0e563accaa8e952b2295 av_four_fifth  avia-builder-el-36  el_after_av_one_fifth  el_before_av_hr  flex_column_div  '     ><section  class='av_textblock_section av-lpv1nb5a-49a3e710d603555a528dfac437046097 '   itemscope=\"itemscope\" itemtype=\"https:\/\/schema.org\/CreativeWork\" ><div class='avia_textblock'  itemprop=\"text\" ><p>Mart\u00ednez M\u00c1, Marqu\u00e8s M, Salas-Huetos A, Babio N, Domingo JL, Salas-Salvad\u00f3 J. <strong>Lack of association between endocrine disrupting chemicals and male fertility: A systematic review and meta-analysis.<\/strong><br \/>\nEnviron Res. 2023 Jan 15;217:114942.<br \/>\ndoi: 10.1016\/j.envres.2022.114942.<br \/>\n<a href=\"https:\/\/pubmed.ncbi.nlm.nih.gov\/36436552\/\">PMID: 36436552.<\/a><\/p>\n<\/div><\/section><\/div>\n<div  class='hr av-2y7d1r-905d05fd300c792445c97c1b2df3f42c hr-default  avia-builder-el-38  el_after_av_four_fifth  el_before_av_textblock '><span class='hr-inner '><span class=\"hr-inner-style\"><\/span><\/span><\/div>\n<section  class='av_textblock_section av-loscbwha-f0e394f10284649b79597657b2e4d761 '   itemscope=\"itemscope\" itemtype=\"https:\/\/schema.org\/CreativeWork\" ><div class='avia_textblock'  itemprop=\"text\" ><\/div><\/section>\n<div  class='hr av-bl5lb-86969778eb6e3d481aa2bf97fc2c3682 hr-default  avia-builder-el-40  el_after_av_textblock  el_before_av_hr '><span class='hr-inner '><span class=\"hr-inner-style\"><\/span><\/span><\/div>\n<div  class='hr av-av_hr-91d7ccd583a503147498e120fee2ff9b hr-default  avia-builder-el-41  el_after_av_hr  avia-builder-el-last '><span class='hr-inner '><span class=\"hr-inner-style\"><\/span><\/span><\/div>\n","protected":false},"excerpt":{"rendered":"","protected":false},"author":1,"featured_media":0,"parent":0,"menu_order":0,"comment_status":"closed","ping_status":"closed","template":"","meta":{"footnotes":""},"class_list":["post-8621","page","type-page","status-publish","hentry"],"_links":{"self":[{"href":"https:\/\/ledfertyl.eu\/ca\/wp-json\/wp\/v2\/pages\/8621","targetHints":{"allow":["GET"]}}],"collection":[{"href":"https:\/\/ledfertyl.eu\/ca\/wp-json\/wp\/v2\/pages"}],"about":[{"href":"https:\/\/ledfertyl.eu\/ca\/wp-json\/wp\/v2\/types\/page"}],"author":[{"embeddable":true,"href":"https:\/\/ledfertyl.eu\/ca\/wp-json\/wp\/v2\/users\/1"}],"replies":[{"embeddable":true,"href":"https:\/\/ledfertyl.eu\/ca\/wp-json\/wp\/v2\/comments?post=8621"}],"version-history":[{"count":27,"href":"https:\/\/ledfertyl.eu\/ca\/wp-json\/wp\/v2\/pages\/8621\/revisions"}],"predecessor-version":[{"id":9417,"href":"https:\/\/ledfertyl.eu\/ca\/wp-json\/wp\/v2\/pages\/8621\/revisions\/9417"}],"wp:attachment":[{"href":"https:\/\/ledfertyl.eu\/ca\/wp-json\/wp\/v2\/media?parent=8621"}],"curies":[{"name":"wp","href":"https:\/\/api.w.org\/{rel}","templated":true}]}}