{"id":8575,"date":"2023-11-10T14:50:28","date_gmt":"2023-11-10T12:50:28","guid":{"rendered":"https:\/\/ledfertyl.eu\/centres-de-suport\/"},"modified":"2024-01-15T12:08:54","modified_gmt":"2024-01-15T10:08:54","slug":"centres-de-suport","status":"publish","type":"page","link":"https:\/\/ledfertyl.eu\/ca\/centres-de-suport\/","title":{"rendered":"Centres de suport"},"content":{"rendered":"\n<style type=\"text\/css\" data-created_by=\"avia_inline_auto\" id=\"style-css-av-5jlbnq-487b6ebde7be7634aa7658acb6a11458\">\n#top .av-special-heading.av-5jlbnq-487b6ebde7be7634aa7658acb6a11458{\npadding-bottom:0;\n}\nbody .av-special-heading.av-5jlbnq-487b6ebde7be7634aa7658acb6a11458 .av-special-heading-tag .heading-char{\nfont-size:25px;\n}\n.av-special-heading.av-5jlbnq-487b6ebde7be7634aa7658acb6a11458 .av-subheading{\nfont-size:15px;\n}\n<\/style>\n<div  class='av-special-heading av-5jlbnq-487b6ebde7be7634aa7658acb6a11458 av-special-heading-h1 blockquote modern-quote  avia-builder-el-0  el_before_av_heading  avia-builder-el-first '><h1 class='av-special-heading-tag'  itemprop=\"headline\"  >GRUPS DE SUPORT DEL PROJECTE LED-FERTYL<\/h1><div class=\"special-heading-border\"><div class=\"special-heading-inner-border\"><\/div><\/div><\/div>\n\n<style type=\"text\/css\" data-created_by=\"avia_inline_auto\" id=\"style-css-av-lm6898mb-11bdd9c9e8d239452aaa080baf0e2175\">\n#top .av-special-heading.av-lm6898mb-11bdd9c9e8d239452aaa080baf0e2175{\npadding-bottom:0;\n}\nbody .av-special-heading.av-lm6898mb-11bdd9c9e8d239452aaa080baf0e2175 .av-special-heading-tag .heading-char{\nfont-size:25px;\n}\n.av-special-heading.av-lm6898mb-11bdd9c9e8d239452aaa080baf0e2175 .av-subheading{\nfont-size:15px;\n}\n<\/style>\n<div  class='av-special-heading av-lm6898mb-11bdd9c9e8d239452aaa080baf0e2175 av-special-heading-h2 blockquote modern-quote  avia-builder-el-1  el_after_av_heading  el_before_av_hr '><h2 class='av-special-heading-tag'  itemprop=\"headline\"  >Grup de Suport 1<\/h2><div class=\"special-heading-border\"><div class=\"special-heading-inner-border\"><\/div><\/div><\/div>\n<div  class='hr av-fm9vi-3c88eb64d7456db938dbc739b0e89b03 hr-default  avia-builder-el-2  el_after_av_heading  el_before_av_textblock '><span class='hr-inner '><span class=\"hr-inner-style\"><\/span><\/span><\/div>\n<section  class='av_textblock_section av-lm8w0vyb-195b550e1553cfe172f10a6834744261 '   itemscope=\"itemscope\" itemtype=\"https:\/\/schema.org\/CreativeWork\" ><div class='avia_textblock'  itemprop=\"text\" ><p style=\"text-align: left;\"><strong><img loading=\"lazy\" decoding=\"async\" class=\"alignnone size-medium wp-image-7923\" src=\"https:\/\/ledfertyl.eu\/wp-content\/uploads\/2023\/09\/urv-300x90.jpg\" alt=\"\" width=\"300\" height=\"90\" srcset=\"https:\/\/ledfertyl.eu\/wp-content\/uploads\/2023\/09\/urv-300x90.jpg 300w, https:\/\/ledfertyl.eu\/wp-content\/uploads\/2023\/09\/urv-768x230.jpg 768w, https:\/\/ledfertyl.eu\/wp-content\/uploads\/2023\/09\/urv-705x211.jpg 705w, https:\/\/ledfertyl.eu\/wp-content\/uploads\/2023\/09\/urv.jpg 813w\" sizes=\"auto, (max-width: 300px) 100vw, 300px\" \/><\/strong><\/p>\n<p><strong>Unitat de Medicina Preventiva i Salut P\u00fablica<\/strong><br \/>\nDepartament de Ci\u00e8ncies M\u00e8diques B\u00e0siques<strong><br \/>\n<\/strong>Facultat de Medicina i Ci\u00e8ncies de la Salut de Reus<br \/>\nUniversitat Rovira i Virgili<br \/>\n<a href=\"https:\/\/www.cienciesmediques.urv.cat\/ca\/recerca\/unitats\/medicina-preventiva-1\/\">https:\/\/www.cienciesmediques.urv.cat\/ca\/recerca\/unitats\/medicina-preventiva-1\/<\/a><\/p>\n<\/div><\/section>\n<div  class='hr av-7t5i6-a75dcf39191dda5592f1e847d12fa50c hr-default  avia-builder-el-4  el_after_av_textblock  el_before_av_heading '><span class='hr-inner '><span class=\"hr-inner-style\"><\/span><\/span><\/div>\n\n<style type=\"text\/css\" data-created_by=\"avia_inline_auto\" id=\"style-css-av-7jwxy-607be47e438c3c6eaed020f7f1cdfc85\">\n#top .av-special-heading.av-7jwxy-607be47e438c3c6eaed020f7f1cdfc85{\npadding-bottom:0;\n}\nbody .av-special-heading.av-7jwxy-607be47e438c3c6eaed020f7f1cdfc85 .av-special-heading-tag .heading-char{\nfont-size:25px;\n}\n.av-special-heading.av-7jwxy-607be47e438c3c6eaed020f7f1cdfc85 .av-subheading{\nfont-size:15px;\n}\n<\/style>\n<div  class='av-special-heading av-7jwxy-607be47e438c3c6eaed020f7f1cdfc85 av-special-heading-h2 blockquote modern-quote  avia-builder-el-5  el_after_av_hr  el_before_av_one_full '><h2 class='av-special-heading-tag'  itemprop=\"headline\"  >Investigadors principals<\/h2><div class=\"special-heading-border\"><div class=\"special-heading-inner-border\"><\/div><\/div><\/div>\n\n<style type=\"text\/css\" data-created_by=\"avia_inline_auto\" id=\"style-css-av-t146-0f0025edb0ba60a243883ecc0ed501fd\">\n.flex_column.av-t146-0f0025edb0ba60a243883ecc0ed501fd{\nborder-radius:0px 0px 0px 0px;\npadding:0px 0px 0px 0px;\n}\n<\/style>\n<div  class='flex_column av-t146-0f0025edb0ba60a243883ecc0ed501fd av_one_full  avia-builder-el-6  el_after_av_heading  el_before_av_heading  first flex_column_div av-zero-column-padding  '     ><div  class='avia-testimonial-wrapper av-lm68c98l-3b8ba481b9d1ba76b8d0dd60533d738a avia-grid-testimonials avia-grid-2-testimonials avia_animate_when_almost_visible' >\n<section class=\"avia-testimonial-row\"><div class='avia-testimonial av-lm68avob-b9f0bc411c0e121cd1325696f000a630 avia-testimonial-row-1 avia-first-testimonial flex_column no_margin av_one_half'><div class='avia-testimonial_inner'  itemscope=\"itemscope\" itemtype=\"https:\/\/schema.org\/CreativeWork\" ><div class='avia-testimonial-image'  itemprop=\"image\" ><img loading=\"lazy\" decoding=\"async\" width=\"180\" height=\"180\" src=\"https:\/\/ledfertyl.eu\/wp-content\/uploads\/2023\/09\/mmurphy-180x180.jpg\" class=\"attachment-square size-square\" alt=\"\" srcset=\"https:\/\/ledfertyl.eu\/wp-content\/uploads\/2023\/09\/mmurphy-180x180.jpg 180w, https:\/\/ledfertyl.eu\/wp-content\/uploads\/2023\/09\/mmurphy-80x80.jpg 80w, https:\/\/ledfertyl.eu\/wp-content\/uploads\/2023\/09\/mmurphy-36x36.jpg 36w\" sizes=\"auto, (max-width: 180px) 100vw, 180px\" \/><\/div><div class='avia-testimonial-content '><div class='avia-testimonial-markup-entry-content'  itemprop=\"text\" ><p><strong>Dra. Michelle Murphy<br \/>\n<\/strong>Universitat Rovira i Virgili (URV), IISPV, CIBERobn<br \/>\ne-mail: <a href=\"mailto:michelle.murphy@urv.cat\">michelle.murphy@urv.cat<\/a><\/p>\n<\/div><\/div><div class=\"avia-testimonial-meta\"><div class=\"avia-testimonial-arrow-wrap\"><div class=\"avia-arrow\"><\/div><\/div><div class='avia-testimonial-meta-mini'  itemprop=\"author\" itemscope=\"itemscope\" itemtype=\"https:\/\/schema.org\/Person\" ><\/div><\/div><\/div><\/div>\n<\/section><\/div><\/div>\n\n<style type=\"text\/css\" data-created_by=\"avia_inline_auto\" id=\"style-css-av-lm68j534-ec4f4e6e07b971d636cb5beef6fd103a\">\n#top .av-special-heading.av-lm68j534-ec4f4e6e07b971d636cb5beef6fd103a{\npadding-bottom:0;\n}\nbody .av-special-heading.av-lm68j534-ec4f4e6e07b971d636cb5beef6fd103a .av-special-heading-tag .heading-char{\nfont-size:25px;\n}\n.av-special-heading.av-lm68j534-ec4f4e6e07b971d636cb5beef6fd103a .av-subheading{\nfont-size:15px;\n}\n<\/style>\n<div  class='av-special-heading av-lm68j534-ec4f4e6e07b971d636cb5beef6fd103a av-special-heading-h2 blockquote modern-quote  avia-builder-el-8  el_after_av_one_full  el_before_av_one_full '><h2 class='av-special-heading-tag'  itemprop=\"headline\"  >Investigadors col\u00b7laboradors<\/h2><div class=\"special-heading-border\"><div class=\"special-heading-inner-border\"><\/div><\/div><\/div>\n\n<style type=\"text\/css\" data-created_by=\"avia_inline_auto\" id=\"style-css-av-6liim-d0c16fec1f6c8a39b80da893ac399732\">\n.flex_column.av-6liim-d0c16fec1f6c8a39b80da893ac399732{\nborder-radius:0px 0px 0px 0px;\npadding:0px 0px 0px 0px;\n}\n<\/style>\n<div  class='flex_column av-6liim-d0c16fec1f6c8a39b80da893ac399732 av_one_full  avia-builder-el-9  el_after_av_heading  el_before_av_hr  first flex_column_div av-zero-column-padding  '     ><div  class='avia-testimonial-wrapper av-lm68vpnk-20cfba3c4d74ad1dbb8435daabb04607 avia-grid-testimonials avia-grid-2-testimonials avia_animate_when_almost_visible' >\n<section class=\"avia-testimonial-row\"><div class='avia-testimonial av-lm68mggm-5-ee38391f415fde38f5fb4ad0fd3d4969 avia-testimonial-row-1 avia-first-testimonial flex_column no_margin av_one_half'><div class='avia-testimonial_inner'  itemscope=\"itemscope\" itemtype=\"https:\/\/schema.org\/CreativeWork\" ><div class='avia-testimonial-image'  itemprop=\"image\" ><img loading=\"lazy\" decoding=\"async\" width=\"180\" height=\"180\" src=\"https:\/\/ledfertyl.eu\/wp-content\/uploads\/2023\/09\/dona-180x180.jpg\" class=\"attachment-square size-square\" alt=\"\" srcset=\"https:\/\/ledfertyl.eu\/wp-content\/uploads\/2023\/09\/dona-180x180.jpg 180w, https:\/\/ledfertyl.eu\/wp-content\/uploads\/2023\/09\/dona-80x80.jpg 80w, https:\/\/ledfertyl.eu\/wp-content\/uploads\/2023\/09\/dona-36x36.jpg 36w\" sizes=\"auto, (max-width: 180px) 100vw, 180px\" \/><\/div><div class='avia-testimonial-content '><div class='avia-testimonial-markup-entry-content'  itemprop=\"text\" ><p><strong>Carla Ramos Rodr\u00edguez<\/strong><br \/>\n Universitat Rovira i Virgili (URV)<br \/>\n<a href=\"mailto:carla.ramos@urv.cat\">carla.ramos@urv.cat<\/a><\/p>\n<\/div><\/div><div class=\"avia-testimonial-meta\"><div class=\"avia-testimonial-arrow-wrap\"><div class=\"avia-arrow\"><\/div><\/div><div class='avia-testimonial-meta-mini'  itemprop=\"author\" itemscope=\"itemscope\" itemtype=\"https:\/\/schema.org\/Person\" ><\/div><\/div><\/div><\/div>\n<div class='avia-testimonial av-ln1vb1c0-931b1cfd2cc97134145d392bffc49d44 avia-testimonial-row-1 avia-last-testimonial flex_column no_margin av_one_half'><div class='avia-testimonial_inner'  itemscope=\"itemscope\" itemtype=\"https:\/\/schema.org\/CreativeWork\" ><div class='avia-testimonial-image'  itemprop=\"image\" ><img loading=\"lazy\" decoding=\"async\" width=\"180\" height=\"180\" src=\"https:\/\/ledfertyl.eu\/wp-content\/uploads\/2023\/09\/Ailende-180x180.jpg\" class=\"attachment-square size-square\" alt=\"\" srcset=\"https:\/\/ledfertyl.eu\/wp-content\/uploads\/2023\/09\/Ailende-180x180.jpg 180w, https:\/\/ledfertyl.eu\/wp-content\/uploads\/2023\/09\/Ailende-80x80.jpg 80w, https:\/\/ledfertyl.eu\/wp-content\/uploads\/2023\/09\/Ailende-36x36.jpg 36w\" sizes=\"auto, (max-width: 180px) 100vw, 180px\" \/><\/div><div class='avia-testimonial-content '><div class='avia-testimonial-markup-entry-content'  itemprop=\"text\" ><p><strong>Ailende Eigbefoh-Addeh Imafidon<\/strong><br \/>\n Universitat Rovira i Virgili (URV), IISPV<br \/>\n<a href=\"mailto:ailende.eigbefoh-addeh@urv.cat\">ailende.eigbefoh-addeh@urv.cat<\/a><\/p>\n<\/div><\/div><div class=\"avia-testimonial-meta\"><div class=\"avia-testimonial-arrow-wrap\"><div class=\"avia-arrow\"><\/div><\/div><div class='avia-testimonial-meta-mini'  itemprop=\"author\" itemscope=\"itemscope\" itemtype=\"https:\/\/schema.org\/Person\" ><\/div><\/div><\/div><\/div><\/section>\n<\/div><\/div>\n<div  class='hr av-1b2o2u-188f60230e1bf14e323ca525ae7f1c16 hr-default  avia-builder-el-11  el_after_av_one_full  el_before_av_heading '><span class='hr-inner '><span class=\"hr-inner-style\"><\/span><\/span><\/div>\n\n<style type=\"text\/css\" data-created_by=\"avia_inline_auto\" id=\"style-css-av-lm8wbrdb-b662cb8273162b52db002f128a07f80b\">\n#top .av-special-heading.av-lm8wbrdb-b662cb8273162b52db002f128a07f80b{\npadding-bottom:0;\n}\nbody .av-special-heading.av-lm8wbrdb-b662cb8273162b52db002f128a07f80b .av-special-heading-tag .heading-char{\nfont-size:25px;\n}\n.av-special-heading.av-lm8wbrdb-b662cb8273162b52db002f128a07f80b .av-subheading{\nfont-size:15px;\n}\n<\/style>\n<div  class='av-special-heading av-lm8wbrdb-b662cb8273162b52db002f128a07f80b av-special-heading-h2 blockquote modern-quote  avia-builder-el-12  el_after_av_hr  el_before_av_textblock '><h2 class='av-special-heading-tag'  itemprop=\"headline\"  >Grup de Suport 2<\/h2><div class=\"special-heading-border\"><div class=\"special-heading-inner-border\"><\/div><\/div><\/div>\n<section  class='av_textblock_section av-3mwo86-dfe7579a3f97322c959598b9efc7e96f '   itemscope=\"itemscope\" itemtype=\"https:\/\/schema.org\/CreativeWork\" ><div class='avia_textblock'  itemprop=\"text\" ><p><strong><img loading=\"lazy\" decoding=\"async\" class=\"alignnone size-medium wp-image-7923\" src=\"https:\/\/ledfertyl.eu\/wp-content\/uploads\/2023\/09\/urv-300x90.jpg\" alt=\"\" width=\"300\" height=\"90\" srcset=\"https:\/\/ledfertyl.eu\/wp-content\/uploads\/2023\/09\/urv-300x90.jpg 300w, https:\/\/ledfertyl.eu\/wp-content\/uploads\/2023\/09\/urv-768x230.jpg 768w, https:\/\/ledfertyl.eu\/wp-content\/uploads\/2023\/09\/urv-705x211.jpg 705w, https:\/\/ledfertyl.eu\/wp-content\/uploads\/2023\/09\/urv.jpg 813w\" sizes=\"auto, (max-width: 300px) 100vw, 300px\" \/><\/strong><\/p>\n<p><strong>Unitat de Toxicologia<\/strong><br \/>\n Departament de Ci\u00e8ncies M\u00e8diques B\u00e0siques<strong><br \/>\n<\/strong>Facultat de Medicina i Ci\u00e8ncies de la Salut de Reus<br \/>\nUniversitat Rovira i Virgili<br \/>\n<a href=\"https:\/\/www.cienciesmediques.urv.cat\/ca\/recerca\/unitats\/toxicologia\/\">https:\/\/www.cienciesmediques.urv.cat\/ca\/recerca\/unitats\/toxicologia\/<\/a><\/p>\n<\/div><\/section>\n\n<style type=\"text\/css\" data-created_by=\"avia_inline_auto\" id=\"style-css-av-3c4x4e-34909229c760d5ca6bb2fb601cd5634e\">\n#top .av-special-heading.av-3c4x4e-34909229c760d5ca6bb2fb601cd5634e{\npadding-bottom:0;\n}\nbody .av-special-heading.av-3c4x4e-34909229c760d5ca6bb2fb601cd5634e .av-special-heading-tag .heading-char{\nfont-size:25px;\n}\n.av-special-heading.av-3c4x4e-34909229c760d5ca6bb2fb601cd5634e .av-subheading{\nfont-size:15px;\n}\n<\/style>\n<div  class='av-special-heading av-3c4x4e-34909229c760d5ca6bb2fb601cd5634e av-special-heading-h2 blockquote modern-quote  avia-builder-el-14  el_after_av_textblock  el_before_av_testimonials '><h2 class='av-special-heading-tag'  itemprop=\"headline\"  >Investigadors principals<\/h2><div class=\"special-heading-border\"><div class=\"special-heading-inner-border\"><\/div><\/div><\/div>\n<div  class='avia-testimonial-wrapper av-5dzuc4-6fe1ca87d7d7472f54687efa3210ff23 avia-grid-testimonials avia-grid-2-testimonials avia_animate_when_almost_visible' >\n<section class=\"avia-testimonial-row\"><div class='avia-testimonial av-4yexfo-8f9906e21172a7b7be41073702caf723 avia-testimonial-row-1 avia-first-testimonial flex_column no_margin av_one_half'><div class='avia-testimonial_inner'  itemscope=\"itemscope\" itemtype=\"https:\/\/schema.org\/CreativeWork\" ><div class='avia-testimonial-image'  itemprop=\"image\" ><img loading=\"lazy\" decoding=\"async\" width=\"180\" height=\"180\" src=\"https:\/\/ledfertyl.eu\/wp-content\/uploads\/2023\/09\/mmarques-180x180.jpg\" class=\"attachment-square size-square\" alt=\"\" srcset=\"https:\/\/ledfertyl.eu\/wp-content\/uploads\/2023\/09\/mmarques-180x180.jpg 180w, https:\/\/ledfertyl.eu\/wp-content\/uploads\/2023\/09\/mmarques-80x80.jpg 80w, https:\/\/ledfertyl.eu\/wp-content\/uploads\/2023\/09\/mmarques-36x36.jpg 36w\" sizes=\"auto, (max-width: 180px) 100vw, 180px\" \/><\/div><div class='avia-testimonial-content '><div class='avia-testimonial-markup-entry-content'  itemprop=\"text\" ><p><strong>Montserrat Marqu\u00e9s B\u00e9<\/strong><br \/>\n Universitat Rovira i Virgili (URV)<br \/>\n <a href=\"mailto:montserrat.marques@urv.cat\">montserrat.marques@urv.cat<\/a><\/p>\n<\/div><\/div><div class=\"avia-testimonial-meta\"><div class=\"avia-testimonial-arrow-wrap\"><div class=\"avia-arrow\"><\/div><\/div><div class='avia-testimonial-meta-mini'  itemprop=\"author\" itemscope=\"itemscope\" itemtype=\"https:\/\/schema.org\/Person\" ><\/div><\/div><\/div><\/div>\n<\/section><\/div>\n\n<style type=\"text\/css\" data-created_by=\"avia_inline_auto\" id=\"style-css-av-2by6z2-f114a54ba225cedb433f4e3d5e342bd2\">\n#top .av-special-heading.av-2by6z2-f114a54ba225cedb433f4e3d5e342bd2{\npadding-bottom:0;\n}\nbody .av-special-heading.av-2by6z2-f114a54ba225cedb433f4e3d5e342bd2 .av-special-heading-tag .heading-char{\nfont-size:25px;\n}\n.av-special-heading.av-2by6z2-f114a54ba225cedb433f4e3d5e342bd2 .av-subheading{\nfont-size:15px;\n}\n<\/style>\n<div  class='av-special-heading av-2by6z2-f114a54ba225cedb433f4e3d5e342bd2 av-special-heading-h2 blockquote modern-quote  avia-builder-el-16  el_after_av_testimonials  el_before_av_one_full '><h2 class='av-special-heading-tag'  itemprop=\"headline\"  >Investigadors col\u00b7laboradors<\/h2><div class=\"special-heading-border\"><div class=\"special-heading-inner-border\"><\/div><\/div><\/div>\n\n<style type=\"text\/css\" data-created_by=\"avia_inline_auto\" id=\"style-css-av-2adbwm-de46802d28e96a1d293e3d856d08f942\">\n.flex_column.av-2adbwm-de46802d28e96a1d293e3d856d08f942{\nborder-radius:0px 0px 0px 0px;\npadding:0px 0px 0px 0px;\n}\n<\/style>\n<div  class='flex_column av-2adbwm-de46802d28e96a1d293e3d856d08f942 av_one_full  avia-builder-el-17  el_after_av_heading  el_before_av_one_third  first flex_column_div av-zero-column-padding  '     ><div  class='avia-testimonial-wrapper av-210w0u-f0ad4f42283e9c6b5ac962ba730fed0a avia-grid-testimonials avia-grid-2-testimonials avia_animate_when_almost_visible' >\n<section class=\"avia-testimonial-row\"><div class='avia-testimonial av-f53ti-bfe729594553676b0d06ba32fb536c98 avia-testimonial-row-1 avia-first-testimonial flex_column no_margin av_one_half'><div class='avia-testimonial_inner'  itemscope=\"itemscope\" itemtype=\"https:\/\/schema.org\/CreativeWork\" ><div class='avia-testimonial-image'  itemprop=\"image\" ><img loading=\"lazy\" decoding=\"async\" width=\"180\" height=\"180\" src=\"https:\/\/ledfertyl.eu\/wp-content\/uploads\/2023\/09\/hsanchez-180x180.jpg\" class=\"attachment-square size-square\" alt=\"\" srcset=\"https:\/\/ledfertyl.eu\/wp-content\/uploads\/2023\/09\/hsanchez-180x180.jpg 180w, https:\/\/ledfertyl.eu\/wp-content\/uploads\/2023\/09\/hsanchez-300x300.jpg 300w, https:\/\/ledfertyl.eu\/wp-content\/uploads\/2023\/09\/hsanchez-80x80.jpg 80w, https:\/\/ledfertyl.eu\/wp-content\/uploads\/2023\/09\/hsanchez-36x36.jpg 36w, https:\/\/ledfertyl.eu\/wp-content\/uploads\/2023\/09\/hsanchez.jpg 512w\" sizes=\"auto, (max-width: 180px) 100vw, 180px\" \/><\/div><div class='avia-testimonial-content '><div class='avia-testimonial-markup-entry-content'  itemprop=\"text\" ><p><strong>Elena S\u00e1nchez Resino<\/strong><br \/>\n Universitat Rovira i Virgili (URV)<br \/>\n <a href=\"mailto:elena.sanchez@urv.cat\">elena.sanchez@urv.cat<\/a><\/p>\n<\/div><\/div><div class=\"avia-testimonial-meta\"><div class=\"avia-testimonial-arrow-wrap\"><div class=\"avia-arrow\"><\/div><\/div><div class='avia-testimonial-meta-mini'  itemprop=\"author\" itemscope=\"itemscope\" itemtype=\"https:\/\/schema.org\/Person\" ><\/div><\/div><\/div><\/div>\n<\/section><\/div><\/div>\n\n<style type=\"text\/css\" data-created_by=\"avia_inline_auto\" id=\"style-css-av-129bp2-1208d75f1751bf5798a1e68842a3ce83\">\n.flex_column.av-129bp2-1208d75f1751bf5798a1e68842a3ce83{\nborder-radius:0px 0px 0px 0px;\npadding:0px 0px 0px 0px;\n}\n<\/style>\n<div  class='flex_column av-129bp2-1208d75f1751bf5798a1e68842a3ce83 av_one_third  avia-builder-el-19  el_after_av_one_full  el_before_av_one_third  first flex_column_div av-zero-column-padding  column-top-margin'     ><style type=\"text\/css\" data-created_by=\"avia_inline_auto\" id=\"style-css-av-392va-e97b002758a99cd73b60e45abd9c6efe\">\n.avia-image-container.av-392va-e97b002758a99cd73b60e45abd9c6efe img.avia_image{\nbox-shadow:none;\n}\n.avia-image-container.av-392va-e97b002758a99cd73b60e45abd9c6efe .av-image-caption-overlay-center{\ncolor:#ffffff;\n}\n<\/style>\n<div  class='avia-image-container av-392va-e97b002758a99cd73b60e45abd9c6efe av-styling- avia-align-center  avia-builder-el-20  avia-builder-el-no-sibling '   itemprop=\"image\" itemscope=\"itemscope\" itemtype=\"https:\/\/schema.org\/ImageObject\" ><div class=\"avia-image-container-inner\"><div class=\"avia-image-overlay-wrap\"><a href=\"https:\/\/ledfertyl.eu\/ca\/acces-equip-medic\/\" class='avia_image'  target=\"_blank\"  rel=\"noopener noreferrer\" aria-label='f1accesoequipomedico2'><img decoding=\"async\" class='wp-image-8685 avia-img-lazy-loading-not-8685 avia_image ' src=\"https:\/\/ledfertyl.eu\/wp-content\/uploads\/2023\/11\/f1accesoequipomedico2.png\" alt='' title='f1accesoequipomedico2'  height=\"671\" width=\"1297\"  itemprop=\"thumbnailUrl\" srcset=\"https:\/\/ledfertyl.eu\/wp-content\/uploads\/2023\/11\/f1accesoequipomedico2.png 1297w, https:\/\/ledfertyl.eu\/wp-content\/uploads\/2023\/11\/f1accesoequipomedico2-300x155.png 300w, https:\/\/ledfertyl.eu\/wp-content\/uploads\/2023\/11\/f1accesoequipomedico2-1030x533.png 1030w, https:\/\/ledfertyl.eu\/wp-content\/uploads\/2023\/11\/f1accesoequipomedico2-768x397.png 768w, https:\/\/ledfertyl.eu\/wp-content\/uploads\/2023\/11\/f1accesoequipomedico2-705x365.png 705w\" sizes=\"(max-width: 1297px) 100vw, 1297px\" \/><\/a><\/div><\/div><\/div><\/div>\n\n<style type=\"text\/css\" data-created_by=\"avia_inline_auto\" id=\"style-css-av-r97ny-84e5bdf9bb8e916edb429abc8504c16a\">\n.flex_column.av-r97ny-84e5bdf9bb8e916edb429abc8504c16a{\nborder-radius:0px 0px 0px 0px;\npadding:0px 0px 0px 0px;\n}\n<\/style>\n<div  class='flex_column av-r97ny-84e5bdf9bb8e916edb429abc8504c16a av_one_third  avia-builder-el-21  el_after_av_one_third  el_before_av_one_third  flex_column_div av-zero-column-padding  column-top-margin'     ><style type=\"text\/css\" data-created_by=\"avia_inline_auto\" id=\"style-css-av-m1426-4cd0e6488f21c8ff43f02683d6e58eed\">\n.avia-image-container.av-m1426-4cd0e6488f21c8ff43f02683d6e58eed img.avia_image{\nbox-shadow:none;\n}\n.avia-image-container.av-m1426-4cd0e6488f21c8ff43f02683d6e58eed .av-image-caption-overlay-center{\ncolor:#ffffff;\n}\n<\/style>\n<div  class='avia-image-container av-m1426-4cd0e6488f21c8ff43f02683d6e58eed av-styling- avia-align-center  avia-builder-el-22  avia-builder-el-no-sibling '   itemprop=\"image\" itemscope=\"itemscope\" itemtype=\"https:\/\/schema.org\/ImageObject\" ><div class=\"avia-image-container-inner\"><div class=\"avia-image-overlay-wrap\"><a href=\"https:\/\/ledfertyl.eu\/ca\/acces-participants\/\" class='avia_image'  target=\"_blank\"  rel=\"noopener noreferrer\" aria-label='f2accesoparticipantes2'><img decoding=\"async\" class='wp-image-8705 avia-img-lazy-loading-not-8705 avia_image ' src=\"https:\/\/ledfertyl.eu\/wp-content\/uploads\/2023\/11\/f2accesoparticipantes2.png\" alt='' title='f2accesoparticipantes2'  height=\"657\" width=\"1297\"  itemprop=\"thumbnailUrl\" srcset=\"https:\/\/ledfertyl.eu\/wp-content\/uploads\/2023\/11\/f2accesoparticipantes2.png 1297w, https:\/\/ledfertyl.eu\/wp-content\/uploads\/2023\/11\/f2accesoparticipantes2-300x152.png 300w, https:\/\/ledfertyl.eu\/wp-content\/uploads\/2023\/11\/f2accesoparticipantes2-1030x522.png 1030w, https:\/\/ledfertyl.eu\/wp-content\/uploads\/2023\/11\/f2accesoparticipantes2-768x389.png 768w, https:\/\/ledfertyl.eu\/wp-content\/uploads\/2023\/11\/f2accesoparticipantes2-705x357.png 705w\" sizes=\"(max-width: 1297px) 100vw, 1297px\" \/><\/a><\/div><\/div><\/div><\/div>\n\n<style type=\"text\/css\" data-created_by=\"avia_inline_auto\" id=\"style-css-av-goc8u-a987da8929d8e5201b3eea9d2a8be639\">\n.flex_column.av-goc8u-a987da8929d8e5201b3eea9d2a8be639{\nborder-radius:0px 0px 0px 0px;\npadding:0px 0px 0px 0px;\n}\n<\/style>\n<div  class='flex_column av-goc8u-a987da8929d8e5201b3eea9d2a8be639 av_one_third  avia-builder-el-23  el_after_av_one_third  avia-builder-el-last  flex_column_div av-zero-column-padding  column-top-margin'     ><style type=\"text\/css\" data-created_by=\"avia_inline_auto\" id=\"style-css-av-7m6qe-07524bd6645bb2ce1e03f82da8a2ab90\">\n.avia-image-container.av-7m6qe-07524bd6645bb2ce1e03f82da8a2ab90 img.avia_image{\nbox-shadow:none;\n}\n.avia-image-container.av-7m6qe-07524bd6645bb2ce1e03f82da8a2ab90 .av-image-caption-overlay-center{\ncolor:#ffffff;\n}\n<\/style>\n<div  class='avia-image-container av-7m6qe-07524bd6645bb2ce1e03f82da8a2ab90 av-styling- avia-align-center  avia-builder-el-24  avia-builder-el-no-sibling '   itemprop=\"image\" itemscope=\"itemscope\" itemtype=\"https:\/\/schema.org\/ImageObject\" ><div class=\"avia-image-container-inner\"><div class=\"avia-image-overlay-wrap\"><a href=\"https:\/\/ledfertyl.eu\/ca\/contacte\/\" class='avia_image'  aria-label='f3contacto'><img decoding=\"async\" class='wp-image-8697 avia-img-lazy-loading-not-8697 avia_image ' src=\"https:\/\/ledfertyl.eu\/wp-content\/uploads\/2023\/11\/f3contacto.png\" alt='' title='f3contacto'  height=\"658\" width=\"1297\"  itemprop=\"thumbnailUrl\" srcset=\"https:\/\/ledfertyl.eu\/wp-content\/uploads\/2023\/11\/f3contacto.png 1297w, https:\/\/ledfertyl.eu\/wp-content\/uploads\/2023\/11\/f3contacto-300x152.png 300w, https:\/\/ledfertyl.eu\/wp-content\/uploads\/2023\/11\/f3contacto-1030x523.png 1030w, https:\/\/ledfertyl.eu\/wp-content\/uploads\/2023\/11\/f3contacto-768x390.png 768w, https:\/\/ledfertyl.eu\/wp-content\/uploads\/2023\/11\/f3contacto-705x358.png 705w\" sizes=\"(max-width: 1297px) 100vw, 1297px\" \/><\/a><\/div><\/div><\/div><\/div>\n","protected":false},"excerpt":{"rendered":"","protected":false},"author":6,"featured_media":0,"parent":0,"menu_order":2,"comment_status":"closed","ping_status":"closed","template":"","meta":{"footnotes":""},"class_list":["post-8575","page","type-page","status-publish","hentry"],"_links":{"self":[{"href":"https:\/\/ledfertyl.eu\/ca\/wp-json\/wp\/v2\/pages\/8575","targetHints":{"allow":["GET"]}}],"collection":[{"href":"https:\/\/ledfertyl.eu\/ca\/wp-json\/wp\/v2\/pages"}],"about":[{"href":"https:\/\/ledfertyl.eu\/ca\/wp-json\/wp\/v2\/types\/page"}],"author":[{"embeddable":true,"href":"https:\/\/ledfertyl.eu\/ca\/wp-json\/wp\/v2\/users\/6"}],"replies":[{"embeddable":true,"href":"https:\/\/ledfertyl.eu\/ca\/wp-json\/wp\/v2\/comments?post=8575"}],"version-history":[{"count":9,"href":"https:\/\/ledfertyl.eu\/ca\/wp-json\/wp\/v2\/pages\/8575\/revisions"}],"predecessor-version":[{"id":8922,"href":"https:\/\/ledfertyl.eu\/ca\/wp-json\/wp\/v2\/pages\/8575\/revisions\/8922"}],"wp:attachment":[{"href":"https:\/\/ledfertyl.eu\/ca\/wp-json\/wp\/v2\/media?parent=8575"}],"curies":[{"name":"wp","href":"https:\/\/api.w.org\/{rel}","templated":true}]}}