{"id":8357,"date":"2023-11-06T19:41:49","date_gmt":"2023-11-06T17:41:49","guid":{"rendered":"https:\/\/ledfertyl.eu\/inici\/"},"modified":"2024-01-24T11:02:47","modified_gmt":"2024-01-24T09:02:47","slug":"inici","status":"publish","type":"page","link":"https:\/\/ledfertyl.eu\/ca\/","title":{"rendered":"Inici"},"content":{"rendered":"\n<style type=\"text\/css\" data-created_by=\"avia_inline_auto\" id=\"style-css-av-55at13-39af1cdbb3bb2d969179b1dcf74b151e\">\n.flex_column.av-55at13-39af1cdbb3bb2d969179b1dcf74b151e{\nborder-radius:0px 0px 0px 0px;\npadding:0px 0px 0px 0px;\n}\n<\/style>\n<div  class='flex_column av-55at13-39af1cdbb3bb2d969179b1dcf74b151e av_one_full  avia-builder-el-0  el_before_av_one_half  avia-builder-el-first  first flex_column_div av-zero-column-padding  '     ><div  class='avia-slideshow av-52wk3b-844cd9eb7459eede5416f64bb9a46499 avia-slideshow-entry_with_sidebar av_slideshow avia-slide-slider  avia-builder-el-1  avia-builder-el-no-sibling  av-slideshow-ui av-control-hidden av-no-slider-navigation av-hide-nav-arrows av-slideshow-autoplay av-loop-endless av-loop-manual-endless av-default-height-applied avia-slideshow-1' data-slideshow-options=\"{&quot;animation&quot;:&quot;slide&quot;,&quot;autoplay&quot;:true,&quot;loop_autoplay&quot;:&quot;endless&quot;,&quot;interval&quot;:7,&quot;loop_manual&quot;:&quot;manual-endless&quot;,&quot;autoplay_stopper&quot;:false,&quot;noNavigation&quot;:true,&quot;bg_slider&quot;:false,&quot;keep_padding&quot;:false,&quot;hoverpause&quot;:false,&quot;show_slide_delay&quot;:0}\"  itemprop=\"image\" itemscope=\"itemscope\" itemtype=\"https:\/\/schema.org\/ImageObject\" ><ul class='avia-slideshow-inner ' style='padding-bottom: 37.988165680473%;'><li  class='avia-slideshow-slide av-52wk3b-844cd9eb7459eede5416f64bb9a46499__0  slide-1 slide-odd'><div data-rel='slideshow-1' class='avia-slide-wrap '   ><img decoding=\"async\" class=\"wp-image-9129 avia-img-lazy-loading-not-9129\"  src=\"https:\/\/ledfertyl.eu\/wp-content\/uploads\/2024\/01\/1-845x321.png\" width=\"845\" height=\"321\" title='1' alt=''  itemprop=\"thumbnailUrl\" srcset=\"https:\/\/ledfertyl.eu\/wp-content\/uploads\/2024\/01\/1-845x321.png 845w, https:\/\/ledfertyl.eu\/wp-content\/uploads\/2024\/01\/1-300x115.png 300w\" sizes=\"(max-width: 845px) 100vw, 845px\" \/><\/div><\/li><li  class='avia-slideshow-slide av-52wk3b-844cd9eb7459eede5416f64bb9a46499__1  slide-2 slide-even'><div data-rel='slideshow-1' class='avia-slide-wrap '   ><img decoding=\"async\" class=\"wp-image-9143 avia-img-lazy-loading-not-9143\"  src=\"https:\/\/ledfertyl.eu\/wp-content\/uploads\/2024\/01\/6-845x321.png\" width=\"845\" height=\"321\" title='6' alt=''  itemprop=\"thumbnailUrl\" srcset=\"https:\/\/ledfertyl.eu\/wp-content\/uploads\/2024\/01\/6-845x321.png 845w, https:\/\/ledfertyl.eu\/wp-content\/uploads\/2024\/01\/6-300x115.png 300w\" sizes=\"(max-width: 845px) 100vw, 845px\" \/><\/div><\/li><li  class='avia-slideshow-slide av-52wk3b-844cd9eb7459eede5416f64bb9a46499__2  slide-3 slide-odd'><div data-rel='slideshow-1' class='avia-slide-wrap '   ><img decoding=\"async\" class=\"wp-image-9132 avia-img-lazy-loading-not-9132\"  src=\"https:\/\/ledfertyl.eu\/wp-content\/uploads\/2024\/01\/2-845x321.png\" width=\"845\" height=\"321\" title='2' alt=''  itemprop=\"thumbnailUrl\" srcset=\"https:\/\/ledfertyl.eu\/wp-content\/uploads\/2024\/01\/2-845x321.png 845w, https:\/\/ledfertyl.eu\/wp-content\/uploads\/2024\/01\/2-300x115.png 300w\" sizes=\"(max-width: 845px) 100vw, 845px\" \/><\/div><\/li><li  class='avia-slideshow-slide av-52wk3b-844cd9eb7459eede5416f64bb9a46499__3  slide-4 slide-even'><div data-rel='slideshow-1' class='avia-slide-wrap '   ><img decoding=\"async\" class=\"wp-image-9137 avia-img-lazy-loading-not-9137\"  src=\"https:\/\/ledfertyl.eu\/wp-content\/uploads\/2024\/01\/5-845x321.png\" width=\"845\" height=\"321\" title='5' alt=''  itemprop=\"thumbnailUrl\" srcset=\"https:\/\/ledfertyl.eu\/wp-content\/uploads\/2024\/01\/5-845x321.png 845w, https:\/\/ledfertyl.eu\/wp-content\/uploads\/2024\/01\/5-300x115.png 300w\" sizes=\"(max-width: 845px) 100vw, 845px\" \/><\/div><\/li><\/ul><div class='avia-slideshow-arrows avia-slideshow-controls' ><a href='#prev' class='prev-slide ' aria-hidden='true' data-av_icon='\ue87c' data-av_iconfont='entypo-fontello'  tabindex='-1'>Anterior<\/a><a href='#next' class='next-slide ' aria-hidden='true' data-av_icon='\ue87d' data-av_iconfont='entypo-fontello'  tabindex='-1'>Seg\u00fcent<\/a><\/div><div class='av-slideshow-caption av-52wk3b-844cd9eb7459eede5416f64bb9a46499__0 avia-caption'><div class=\"avia-inner-caption\"><h2 class='avia-caption-title '  itemprop=\"name\" >Projecte LED-FERTYL<\/h2><div class='avia-caption-content '  itemprop=\"description\" ><p>Lifestyle and environmental determinants associated with the seminogram and other parameters related to male fertility: LED-FERTYL<\/p>\n<\/div><\/div><\/div><\/div><\/div>\n<style type=\"text\/css\" data-created_by=\"avia_inline_auto\" id=\"style-css-av-3gdzo7-a7f1f1eafbbeca31731ff8eb5ccf2c62\">\n.flex_column.av-3gdzo7-a7f1f1eafbbeca31731ff8eb5ccf2c62{\nborder-radius:0px 0px 0px 0px;\npadding:0px 0px 0px 0px;\n}\n<\/style>\n<div  class='flex_column av-3gdzo7-a7f1f1eafbbeca31731ff8eb5ccf2c62 av_one_half  avia-builder-el-2  el_after_av_one_full  el_before_av_one_half  first flex_column_div av-zero-column-padding  column-top-margin'     ><p>\n<style type=\"text\/css\" data-created_by=\"avia_inline_auto\" id=\"style-css-av-36evfj-fdd02f69f8c52243286c838af569a587\">\n#top .av-special-heading.av-36evfj-fdd02f69f8c52243286c838af569a587{\npadding-bottom:0;\n}\nbody .av-special-heading.av-36evfj-fdd02f69f8c52243286c838af569a587 .av-special-heading-tag .heading-char{\nfont-size:25px;\n}\n.av-special-heading.av-36evfj-fdd02f69f8c52243286c838af569a587 .av-subheading{\nfont-size:15px;\n}\n<\/style>\n<div  class='av-special-heading av-36evfj-fdd02f69f8c52243286c838af569a587 av-special-heading-h1 blockquote modern-quote  avia-builder-el-3  el_before_av_textblock  avia-builder-el-first '><h1 class='av-special-heading-tag'  itemprop=\"headline\"  >Projecte LED-FERTYL<\/h1><div class=\"special-heading-border\"><div class=\"special-heading-inner-border\"><\/div><\/div><\/div><br \/>\n<section  class='av_textblock_section av-33m1sv-11f9b9c13256aa29a3e90699ff2142d5 '   itemscope=\"itemscope\" itemtype=\"https:\/\/schema.org\/CreativeWork\" ><div class='avia_textblock'  itemprop=\"text\" ><p><span style=\"color: #3366ff;\"><em><strong>Antecedents<\/strong><\/em><\/span><\/p>\n<p>La infertilitat afecta aproximadament el 15% de la poblaci\u00f3 mundial, i els factors masculins s\u00f3n responsables del 40-50% d&#8217;aquests casos d&#8217;infertilitat. A m\u00e9s, s&#8217;ha vist que les \u00faltimes d\u00e8cades aquest problema s&#8217;ha agreujat. Es postulen diferents factors de l&#8217;exposoma responsables de disminuir la capacitat reproductiva, entre els quals destaquen els ambientals i d&#8217;estil de vida. Els determinants diet\u00e8tics, ambientals, l&#8217;activitat f\u00edsica, el sedentarisme, el tabaquisme o l&#8217;exc\u00e9s de consum d&#8217;alcohol o certes drogues s&#8217;han relacionat amb diferents malalties cr\u00f2niques. Tot i aix\u00f2, la relaci\u00f3 d&#8217;aquests factors amb la salut reproductiva ha estat menys estudiada.<\/p>\n<h1><\/h1>\n<\/div><\/section><br \/>\n\n<style type=\"text\/css\" data-created_by=\"avia_inline_auto\" id=\"style-css-av-2ynvg7-86f25a5839595ced4e989c83cfe89c0f\">\n#top .hr.hr-invisible.av-2ynvg7-86f25a5839595ced4e989c83cfe89c0f{\nheight:20px;\n}\n<\/style>\n<div  class='hr av-2ynvg7-86f25a5839595ced4e989c83cfe89c0f hr-invisible  avia-builder-el-5  el_after_av_textblock  avia-builder-el-last '><span class='hr-inner '><span class=\"hr-inner-style\"><\/span><\/span><\/div><\/p><\/div><\/p>\n\n<style type=\"text\/css\" data-created_by=\"avia_inline_auto\" id=\"style-css-av-2imvuf-2b80e245c2f5c386f7723bcf75d56896\">\n.flex_column.av-2imvuf-2b80e245c2f5c386f7723bcf75d56896{\nborder-radius:0px 0px 0px 0px;\npadding:0px 0px 0px 0px;\n}\n<\/style>\n<div  class='flex_column av-2imvuf-2b80e245c2f5c386f7723bcf75d56896 av_one_half  avia-builder-el-6  el_after_av_one_half  el_before_av_one_half  flex_column_div av-zero-column-padding  column-top-margin'     ><style type=\"text\/css\" data-created_by=\"avia_inline_auto\" id=\"style-css-av-2geq1j-916a02894ddf56dc41114f4f4e2a5f3f\">\n.avia-image-container.av-2geq1j-916a02894ddf56dc41114f4f4e2a5f3f img.avia_image{\nbox-shadow:none;\n}\n.avia-image-container.av-2geq1j-916a02894ddf56dc41114f4f4e2a5f3f .av-image-caption-overlay-center{\ncolor:#ffffff;\n}\n<\/style>\n<div  class='avia-image-container av-2geq1j-916a02894ddf56dc41114f4f4e2a5f3f av-styling- avia-align-center  avia-builder-el-7  avia-builder-el-no-sibling '   itemprop=\"image\" itemscope=\"itemscope\" itemtype=\"https:\/\/schema.org\/ImageObject\" ><div class=\"avia-image-container-inner\"><div class=\"avia-image-overlay-wrap\"><img decoding=\"async\" class='wp-image-8447 avia-img-lazy-loading-not-8447 avia_image ' src=\"https:\/\/ledfertyl.eu\/wp-content\/uploads\/2023\/09\/foto2-495x400.jpg\" alt='' title='foto2'  height=\"400\" width=\"495\"  itemprop=\"thumbnailUrl\" srcset=\"https:\/\/ledfertyl.eu\/wp-content\/uploads\/2023\/09\/foto2-495x400.jpg 495w, https:\/\/ledfertyl.eu\/wp-content\/uploads\/2023\/09\/foto2-845x684.jpg 845w\" sizes=\"(max-width: 495px) 100vw, 495px\" \/><\/div><\/div><\/div><\/div>\n\n<style type=\"text\/css\" data-created_by=\"avia_inline_auto\" id=\"style-css-av-hay1b-f7a94e12d09269f68f386d893166ef54\">\n.flex_column.av-hay1b-f7a94e12d09269f68f386d893166ef54{\nborder-radius:0px 0px 0px 0px;\npadding:0px 0px 0px 0px;\n}\n<\/style>\n<div  class='flex_column av-hay1b-f7a94e12d09269f68f386d893166ef54 av_one_half  avia-builder-el-8  el_after_av_one_half  el_before_av_one_half  first flex_column_div av-zero-column-padding  column-top-margin'     ><style type=\"text\/css\" data-created_by=\"avia_inline_auto\" id=\"style-css-av-9g3xr-6c42778ab783b9d3e89878bad8a145d2\">\n.avia-image-container.av-9g3xr-6c42778ab783b9d3e89878bad8a145d2 img.avia_image{\nbox-shadow:none;\n}\n.avia-image-container.av-9g3xr-6c42778ab783b9d3e89878bad8a145d2 .av-image-caption-overlay-center{\ncolor:#ffffff;\n}\n<\/style>\n<div  class='avia-image-container av-9g3xr-6c42778ab783b9d3e89878bad8a145d2 av-styling- avia-align-center  avia-builder-el-9  avia-builder-el-no-sibling '   itemprop=\"image\" itemscope=\"itemscope\" itemtype=\"https:\/\/schema.org\/ImageObject\" ><div class=\"avia-image-container-inner\"><div class=\"avia-image-overlay-wrap\"><img decoding=\"async\" class='wp-image-8446 avia-img-lazy-loading-not-8446 avia_image ' src=\"https:\/\/ledfertyl.eu\/wp-content\/uploads\/2023\/09\/foto1-495x400.jpg\" alt='' title='foto1'  height=\"400\" width=\"495\"  itemprop=\"thumbnailUrl\" srcset=\"https:\/\/ledfertyl.eu\/wp-content\/uploads\/2023\/09\/foto1-495x400.jpg 495w, https:\/\/ledfertyl.eu\/wp-content\/uploads\/2023\/09\/foto1-845x684.jpg 845w\" sizes=\"(max-width: 495px) 100vw, 495px\" \/><\/div><\/div><\/div><\/div>\n\n<style type=\"text\/css\" data-created_by=\"avia_inline_auto\" id=\"style-css-av-1ziyf-d7f5df91111a27e20ef0d38beed35864\">\n.flex_column.av-1ziyf-d7f5df91111a27e20ef0d38beed35864{\nborder-radius:0px 0px 0px 0px;\npadding:0px 0px 0px 0px;\n}\n<\/style>\n<div  class='flex_column av-1ziyf-d7f5df91111a27e20ef0d38beed35864 av_one_half  avia-builder-el-10  el_after_av_one_half  el_before_av_hr  flex_column_div av-zero-column-padding  column-top-margin'     ><p><section  class='av_textblock_section av-lm7kbfok-439b3094b2417503a908a527ceac2783 '   itemscope=\"itemscope\" itemtype=\"https:\/\/schema.org\/CreativeWork\" ><div class='avia_textblock'  itemprop=\"text\" ><p><span style=\"color: #3366ff;\"><em><strong>Objectiu principal<\/strong><\/em><\/span><\/p>\n<p>Identificar els determinants diet\u00e8tics i altres relacionats amb l&#8217;estil de vida que s&#8217;associen a la qualitat esperm\u00e0tica, i analitzar els possibles mecanismes que expliquen aquestes associacions (composici\u00f3 corporal, resist\u00e8ncia a la insulina, oxidaci\u00f3\/inflamaci\u00f3, conseq\u00fc\u00e8ncies a nivell de l&#8217;ADN i relacionades amb l&#8217;envelliment cel\u00b7lular) que poden contribuir a augmentar el risc d&#8217;infertilitat masculina.<\/p>\n<h1><\/h1>\n<\/div><\/section><br \/>\n\n<style type=\"text\/css\" data-created_by=\"avia_inline_auto\" id=\"style-css-av-a5567-98783e4fd58979eeb7bb4093e9671d77\">\n#top .hr.hr-invisible.av-a5567-98783e4fd58979eeb7bb4093e9671d77{\nheight:20px;\n}\n<\/style>\n<div  class='hr av-a5567-98783e4fd58979eeb7bb4093e9671d77 hr-invisible  avia-builder-el-12  el_after_av_textblock  avia-builder-el-last '><span class='hr-inner '><span class=\"hr-inner-style\"><\/span><\/span><\/div><\/p><\/div>\n<div  class='hr av-27jrsf-e41ccfc098811df59c70af4a3e8090fa hr-default  avia-builder-el-13  el_after_av_one_half  el_before_av_one_full '><span class='hr-inner '><span class=\"hr-inner-style\"><\/span><\/span><\/div>\n\n<style type=\"text\/css\" data-created_by=\"avia_inline_auto\" id=\"style-css-av-1s21uv-04a6a229f05aac6ef33e80f9c84798cf\">\n.flex_column.av-1s21uv-04a6a229f05aac6ef33e80f9c84798cf{\nborder-radius:0px 0px 0px 0px;\npadding:0px 0px 0px 0px;\n}\n<\/style>\n<div  class='flex_column av-1s21uv-04a6a229f05aac6ef33e80f9c84798cf av_one_full  avia-builder-el-14  el_after_av_hr  el_before_av_hr  first flex_column_div av-zero-column-padding  '     ><p>\n<style type=\"text\/css\" data-created_by=\"avia_inline_auto\" id=\"style-css-av-1jgmyv-5e809ee53f089010d3f83067bd5e37a0\">\n#top .av-special-heading.av-1jgmyv-5e809ee53f089010d3f83067bd5e37a0{\npadding-bottom:0;\n}\nbody .av-special-heading.av-1jgmyv-5e809ee53f089010d3f83067bd5e37a0 .av-special-heading-tag .heading-char{\nfont-size:25px;\n}\n.av-special-heading.av-1jgmyv-5e809ee53f089010d3f83067bd5e37a0 .av-subheading{\nfont-size:15px;\n}\n<\/style>\n<div  class='av-special-heading av-1jgmyv-5e809ee53f089010d3f83067bd5e37a0 av-special-heading-h1 blockquote modern-quote modern-centered  avia-builder-el-15  el_before_av_textblock  avia-builder-el-first '><h1 class='av-special-heading-tag'  itemprop=\"headline\"  >On som&#8230;<\/h1><div class=\"special-heading-border\"><div class=\"special-heading-inner-border\"><\/div><\/div><\/div><br \/>\n<section  class='av_textblock_section av-565hz-30bda8e7e1ed0b95dc228d2a0621e5a1 '   itemscope=\"itemscope\" itemtype=\"https:\/\/schema.org\/CreativeWork\" ><div class='avia_textblock'  itemprop=\"text\" ><p style=\"text-align: center;\"><strong>Unitat de Nutrici\u00f3 Humana<\/strong><br \/>\nFacultat de Medicina i Ci\u00e8ncies de la Salut &#8211; Universitat Rovira i Virgili (URV)<br \/>\nC\/ Sant Lloren\u00e7, 21 &#8211; 43201 Reus<\/p>\n<p style=\"text-align: center;\"><img loading=\"lazy\" decoding=\"async\" class=\"aligncenter wp-image-7905\" src=\"https:\/\/ledfertyl.eu\/wp-content\/uploads\/2023\/09\/gmaps-300x129.png\" alt=\"\" width=\"200\" height=\"86\" srcset=\"https:\/\/ledfertyl.eu\/wp-content\/uploads\/2023\/09\/gmaps-300x129.png 300w, https:\/\/ledfertyl.eu\/wp-content\/uploads\/2023\/09\/gmaps.png 626w\" sizes=\"auto, (max-width: 200px) 100vw, 200px\" \/><a href=\"https:\/\/goo.gl\/maps\/SiFwXjqFRpmpbS5D6\">https:\/\/goo.gl\/maps\/SiFwXjqFRpmpbS5D6<\/a><\/p>\n<p style=\"text-align: center;\">Tel\u00e8fon: (+34) 977 759313<br \/>\n<a href=\"http:\/\/www.nutricio.urv.cat\">http:\/\/www.nutricio.urv.cat<\/a><br \/>\n<a href=\"mailto:info@ledfertyl.eu\">info@ledfertyl.eu<\/a><\/p>\n<\/div><\/section><\/p><\/div>\n<div  class='hr av-1a8tr3-1b9a38d1666b8e7733b9ec85021f5002 hr-default  avia-builder-el-17  el_after_av_one_full  el_before_av_one_third '><span class='hr-inner '><span class=\"hr-inner-style\"><\/span><\/span><\/div>\n\n<style type=\"text\/css\" data-created_by=\"avia_inline_auto\" id=\"style-css-av-10w8gv-9af81a0e9d5c0ac2cc123d93e1081ea7\">\n.flex_column.av-10w8gv-9af81a0e9d5c0ac2cc123d93e1081ea7{\nborder-radius:0px 0px 0px 0px;\npadding:0px 0px 0px 0px;\n}\n<\/style>\n<div  class='flex_column av-10w8gv-9af81a0e9d5c0ac2cc123d93e1081ea7 av_one_third  avia-builder-el-18  el_after_av_hr  el_before_av_one_third  first flex_column_div av-zero-column-padding  '     ><style type=\"text\/css\" data-created_by=\"avia_inline_auto\" id=\"style-css-av-xt6s7-64e796246bd9bc42e921aeb13b3bc304\">\n.avia-image-container.av-xt6s7-64e796246bd9bc42e921aeb13b3bc304 img.avia_image{\nbox-shadow:none;\n}\n.avia-image-container.av-xt6s7-64e796246bd9bc42e921aeb13b3bc304 .av-image-caption-overlay-center{\ncolor:#ffffff;\n}\n<\/style>\n<div  class='avia-image-container av-xt6s7-64e796246bd9bc42e921aeb13b3bc304 av-styling- avia-align-center  avia-builder-el-19  avia-builder-el-no-sibling '   itemprop=\"image\" itemscope=\"itemscope\" itemtype=\"https:\/\/schema.org\/ImageObject\" ><div class=\"avia-image-container-inner\"><div class=\"avia-image-overlay-wrap\"><a href=\"https:\/\/ledfertyl.eu\/ca\/?page_id=8354\" class='avia_image'  target=\"_blank\"  rel=\"noopener noreferrer\" aria-label='f1accesoequipomedico2'><img decoding=\"async\" class='wp-image-8685 avia-img-lazy-loading-not-8685 avia_image ' src=\"https:\/\/ledfertyl.eu\/wp-content\/uploads\/2023\/11\/f1accesoequipomedico2.png\" alt='' title='f1accesoequipomedico2'  height=\"671\" width=\"1297\"  itemprop=\"thumbnailUrl\" srcset=\"https:\/\/ledfertyl.eu\/wp-content\/uploads\/2023\/11\/f1accesoequipomedico2.png 1297w, https:\/\/ledfertyl.eu\/wp-content\/uploads\/2023\/11\/f1accesoequipomedico2-300x155.png 300w, https:\/\/ledfertyl.eu\/wp-content\/uploads\/2023\/11\/f1accesoequipomedico2-1030x533.png 1030w, https:\/\/ledfertyl.eu\/wp-content\/uploads\/2023\/11\/f1accesoequipomedico2-768x397.png 768w, https:\/\/ledfertyl.eu\/wp-content\/uploads\/2023\/11\/f1accesoequipomedico2-705x365.png 705w\" sizes=\"(max-width: 1297px) 100vw, 1297px\" \/><\/a><\/div><\/div><\/div><\/div>\n\n<style type=\"text\/css\" data-created_by=\"avia_inline_auto\" id=\"style-css-av-oz793-43185fa8d06e5c7f29f9b78132415f9d\">\n.flex_column.av-oz793-43185fa8d06e5c7f29f9b78132415f9d{\nborder-radius:0px 0px 0px 0px;\npadding:0px 0px 0px 0px;\n}\n<\/style>\n<div  class='flex_column av-oz793-43185fa8d06e5c7f29f9b78132415f9d av_one_third  avia-builder-el-20  el_after_av_one_third  el_before_av_one_third  flex_column_div av-zero-column-padding  '     ><style type=\"text\/css\" data-created_by=\"avia_inline_auto\" id=\"style-css-av-jpopz-426fad6b1fa8f651bd66a473f9b89a4f\">\n.avia-image-container.av-jpopz-426fad6b1fa8f651bd66a473f9b89a4f img.avia_image{\nbox-shadow:none;\n}\n.avia-image-container.av-jpopz-426fad6b1fa8f651bd66a473f9b89a4f .av-image-caption-overlay-center{\ncolor:#ffffff;\n}\n<\/style>\n<div  class='avia-image-container av-jpopz-426fad6b1fa8f651bd66a473f9b89a4f av-styling- avia-align-center  avia-builder-el-21  avia-builder-el-no-sibling '   itemprop=\"image\" itemscope=\"itemscope\" itemtype=\"https:\/\/schema.org\/ImageObject\" ><div class=\"avia-image-container-inner\"><div class=\"avia-image-overlay-wrap\"><a href=\"https:\/\/ledfertyl.eu\/ca\/?page_id=8351\" class='avia_image'  target=\"_blank\"  rel=\"noopener noreferrer\" aria-label='f2accesoparticipantes2'><img decoding=\"async\" class='wp-image-8705 avia-img-lazy-loading-not-8705 avia_image ' src=\"https:\/\/ledfertyl.eu\/wp-content\/uploads\/2023\/11\/f2accesoparticipantes2.png\" alt='' title='f2accesoparticipantes2'  height=\"657\" width=\"1297\"  itemprop=\"thumbnailUrl\" srcset=\"https:\/\/ledfertyl.eu\/wp-content\/uploads\/2023\/11\/f2accesoparticipantes2.png 1297w, https:\/\/ledfertyl.eu\/wp-content\/uploads\/2023\/11\/f2accesoparticipantes2-300x152.png 300w, https:\/\/ledfertyl.eu\/wp-content\/uploads\/2023\/11\/f2accesoparticipantes2-1030x522.png 1030w, https:\/\/ledfertyl.eu\/wp-content\/uploads\/2023\/11\/f2accesoparticipantes2-768x389.png 768w, https:\/\/ledfertyl.eu\/wp-content\/uploads\/2023\/11\/f2accesoparticipantes2-705x357.png 705w\" sizes=\"(max-width: 1297px) 100vw, 1297px\" \/><\/a><\/div><\/div><\/div><\/div>\n\n<style type=\"text\/css\" data-created_by=\"avia_inline_auto\" id=\"style-css-av-1bhzj-7869847f0d99351e04f4721a98dee1c7\">\n.flex_column.av-1bhzj-7869847f0d99351e04f4721a98dee1c7{\nborder-radius:0px 0px 0px 0px;\npadding:0px 0px 0px 0px;\n}\n<\/style>\n<div  class='flex_column av-1bhzj-7869847f0d99351e04f4721a98dee1c7 av_one_third  avia-builder-el-22  el_after_av_one_third  avia-builder-el-last  flex_column_div av-zero-column-padding  '     ><style type=\"text\/css\" data-created_by=\"avia_inline_auto\" id=\"style-css-av-b8hu7-624adf3a9da04dd6d4f6d2ec9d931e30\">\n.avia-image-container.av-b8hu7-624adf3a9da04dd6d4f6d2ec9d931e30 img.avia_image{\nbox-shadow:none;\n}\n.avia-image-container.av-b8hu7-624adf3a9da04dd6d4f6d2ec9d931e30 .av-image-caption-overlay-center{\ncolor:#ffffff;\n}\n<\/style>\n<div  class='avia-image-container av-b8hu7-624adf3a9da04dd6d4f6d2ec9d931e30 av-styling- avia-align-center  avia-builder-el-23  avia-builder-el-no-sibling '   itemprop=\"image\" itemscope=\"itemscope\" itemtype=\"https:\/\/schema.org\/ImageObject\" ><div class=\"avia-image-container-inner\"><div class=\"avia-image-overlay-wrap\"><a href=\"https:\/\/ledfertyl.eu\/ca\/contacte\/\" class='avia_image'  aria-label='f3contacto'><img decoding=\"async\" class='wp-image-8697 avia-img-lazy-loading-not-8697 avia_image ' src=\"https:\/\/ledfertyl.eu\/wp-content\/uploads\/2023\/11\/f3contacto.png\" alt='' title='f3contacto'  height=\"658\" width=\"1297\"  itemprop=\"thumbnailUrl\" srcset=\"https:\/\/ledfertyl.eu\/wp-content\/uploads\/2023\/11\/f3contacto.png 1297w, https:\/\/ledfertyl.eu\/wp-content\/uploads\/2023\/11\/f3contacto-300x152.png 300w, https:\/\/ledfertyl.eu\/wp-content\/uploads\/2023\/11\/f3contacto-1030x523.png 1030w, https:\/\/ledfertyl.eu\/wp-content\/uploads\/2023\/11\/f3contacto-768x390.png 768w, https:\/\/ledfertyl.eu\/wp-content\/uploads\/2023\/11\/f3contacto-705x358.png 705w\" sizes=\"(max-width: 1297px) 100vw, 1297px\" \/><\/a><\/div><\/div><\/div><\/div>\n","protected":false},"excerpt":{"rendered":"","protected":false},"author":1,"featured_media":0,"parent":0,"menu_order":0,"comment_status":"closed","ping_status":"closed","template":"","meta":{"footnotes":""},"class_list":["post-8357","page","type-page","status-publish","hentry"],"_links":{"self":[{"href":"https:\/\/ledfertyl.eu\/ca\/wp-json\/wp\/v2\/pages\/8357","targetHints":{"allow":["GET"]}}],"collection":[{"href":"https:\/\/ledfertyl.eu\/ca\/wp-json\/wp\/v2\/pages"}],"about":[{"href":"https:\/\/ledfertyl.eu\/ca\/wp-json\/wp\/v2\/types\/page"}],"author":[{"embeddable":true,"href":"https:\/\/ledfertyl.eu\/ca\/wp-json\/wp\/v2\/users\/1"}],"replies":[{"embeddable":true,"href":"https:\/\/ledfertyl.eu\/ca\/wp-json\/wp\/v2\/comments?post=8357"}],"version-history":[{"count":24,"href":"https:\/\/ledfertyl.eu\/ca\/wp-json\/wp\/v2\/pages\/8357\/revisions"}],"predecessor-version":[{"id":9157,"href":"https:\/\/ledfertyl.eu\/ca\/wp-json\/wp\/v2\/pages\/8357\/revisions\/9157"}],"wp:attachment":[{"href":"https:\/\/ledfertyl.eu\/ca\/wp-json\/wp\/v2\/media?parent=8357"}],"curies":[{"name":"wp","href":"https:\/\/api.w.org\/{rel}","templated":true}]}}